{"id":235067,"date":"2020-05-03T19:31:54","date_gmt":"2020-05-03T19:31:54","guid":{"rendered":"https:\/\/unmardearroces.com\/?post_type=product&#038;p=235067"},"modified":"2023-10-02T17:06:03","modified_gmt":"2023-10-02T17:06:03","slug":"cachopo-del-silencio","status":"publish","type":"product","link":"https:\/\/unmardearroces.com\/_umacentro\/producto\/cachopo-del-silencio","title":{"rendered":"Cachopo del Silencio"},"content":{"rendered":"<p>Del\u00e9itate con nuestro Cachopo de Ternera Asturiana, que combina la jugosidad de la carne de ternera asturiana con la exquisitez del queso de cabra y la cebolla caramelizada. Este plato se sirve con patatas fritas crujientes y pimientos de Padr\u00f3n, ofreci\u00e9ndote una experiencia culinaria inigualable que celebra la tradici\u00f3n gastron\u00f3mica de Asturias en cada bocado<\/p>\n","protected":false},"excerpt":{"rendered":"<p>Del\u00e9itate con nuestro Cachopo de Ternera Asturiana, que combina la jugosidad de la carne de ternera asturiana con la exquisitez del queso de cabra y la cebolla caramelizada. Este plato se sirve con patatas fritas crujientes y pimientos de Padr\u00f3n, ofreci\u00e9ndote una experiencia culinaria inigualable que celebra la tradici\u00f3n gastron\u00f3mica de Asturias en cada bocado<\/p>\n","protected":false},"featured_media":242892,"comment_status":"open","ping_status":"closed","template":"","meta":{"_et_pb_use_builder":"","_et_pb_old_content":"","_et_gb_content_width":""},"product_cat":[100],"product_tag":[49,19,72],"acf":[],"yoast_head":"<!-- This site is optimized with the Yoast SEO plugin v21.2 - https:\/\/yoast.com\/wordpress\/plugins\/seo\/ -->\n<title>Cachopo del Silencio Un Mar de Arroces<\/title>\n<meta name=\"description\" content=\"Del\u00e9itate con nuestro Cachopo de Ternera Asturiana, que combina la jugosidad de la carne de ternera asturiana con la exquisitez del queso de cabra y la cebolla caramelizada. Este plato se sirve con patatas fritas crujientes y pimientos de Padr\u00f3n, ofreci\u00e9ndote una experiencia culinaria inigualable que celebra la tradici\u00f3n gastron\u00f3mica de Asturias en cada bocado\" \/>\n<meta name=\"robots\" content=\"index, follow, max-snippet:-1, max-image-preview:large, max-video-preview:-1\" \/>\n<link rel=\"canonical\" href=\"https:\/\/unmardearroces.com\/_umacentro\/producto\/cachopo-del-silencio\" \/>\n<meta property=\"og:locale\" content=\"es_ES\" \/>\n<meta property=\"og:type\" content=\"article\" \/>\n<meta property=\"og:title\" content=\"Cachopo del Silencio Un Mar de Arroces\" \/>\n<meta property=\"og:description\" content=\"Del\u00e9itate con nuestro Cachopo de Ternera Asturiana, que combina la jugosidad de la carne de ternera asturiana con la exquisitez del queso de cabra y la cebolla caramelizada. Este plato se sirve con patatas fritas crujientes y pimientos de Padr\u00f3n, ofreci\u00e9ndote una experiencia culinaria inigualable que celebra la tradici\u00f3n gastron\u00f3mica de Asturias en cada bocado\" \/>\n<meta property=\"og:url\" content=\"https:\/\/unmardearroces.com\/_umacentro\/producto\/cachopo-del-silencio\" \/>\n<meta property=\"og:site_name\" content=\"Un Mar de Arroces\" \/>\n<meta property=\"article:publisher\" content=\"https:\/\/www.facebook.com\/unmardearroces\" \/>\n<meta property=\"article:modified_time\" content=\"2023-10-02T17:06:03+00:00\" \/>\n<meta property=\"og:image\" content=\"https:\/\/unmardearroces.com\/_umacentro\/wp-content\/uploads\/2020\/05\/Cachopo-Del-Silencio-uma-web-1000-667.png\" \/>\n\t<meta property=\"og:image:width\" content=\"1000\" \/>\n\t<meta property=\"og:image:height\" content=\"667\" \/>\n\t<meta property=\"og:image:type\" content=\"image\/png\" \/>\n<meta name=\"twitter:card\" content=\"summary_large_image\" \/>\n<meta name=\"twitter:site\" content=\"@unmardearroces\" \/>\n<meta name=\"twitter:label1\" content=\"Tiempo de lectura\" \/>\n\t<meta name=\"twitter:data1\" content=\"1 minuto\" \/>\n<script type=\"application\/ld+json\" class=\"yoast-schema-graph\">{\"@context\":\"https:\/\/schema.org\",\"@graph\":[{\"@type\":\"WebPage\",\"@id\":\"https:\/\/unmardearroces.com\/_umacentro\/producto\/cachopo-del-silencio\",\"url\":\"https:\/\/unmardearroces.com\/_umacentro\/producto\/cachopo-del-silencio\",\"name\":\"Cachopo del Silencio Un Mar de Arroces\",\"isPartOf\":{\"@id\":\"https:\/\/unmardearroces.com\/_umacentro\/#website\"},\"datePublished\":\"2020-05-03T19:31:54+00:00\",\"dateModified\":\"2023-10-02T17:06:03+00:00\",\"description\":\"Del\u00e9itate con nuestro Cachopo de Ternera Asturiana, que combina la jugosidad de la carne de ternera asturiana con la exquisitez del queso de cabra y la cebolla caramelizada. Este plato se sirve con patatas fritas crujientes y pimientos de Padr\u00f3n, ofreci\u00e9ndote una experiencia culinaria inigualable que celebra la tradici\u00f3n gastron\u00f3mica de Asturias en cada bocado\",\"breadcrumb\":{\"@id\":\"https:\/\/unmardearroces.com\/_umacentro\/producto\/cachopo-del-silencio#breadcrumb\"},\"inLanguage\":\"es\",\"potentialAction\":[{\"@type\":\"ReadAction\",\"target\":[\"https:\/\/unmardearroces.com\/_umacentro\/producto\/cachopo-del-silencio\"]}]},{\"@type\":\"BreadcrumbList\",\"@id\":\"https:\/\/unmardearroces.com\/_umacentro\/producto\/cachopo-del-silencio#breadcrumb\",\"itemListElement\":[{\"@type\":\"ListItem\",\"position\":1,\"name\":\"Portada\",\"item\":\"https:\/\/unmardearroces.com\/_umacentro\/\"},{\"@type\":\"ListItem\",\"position\":2,\"name\":\"Productos\",\"item\":\"https:\/\/unmardearroces.com\/_umacentro\/shop\"},{\"@type\":\"ListItem\",\"position\":3,\"name\":\"Cachopo del Silencio\"}]},{\"@type\":\"WebSite\",\"@id\":\"https:\/\/unmardearroces.com\/_umacentro\/#website\",\"url\":\"https:\/\/unmardearroces.com\/_umacentro\/\",\"name\":\"Un Mar de Arroces\",\"description\":\"Arroces y Paella premium a domicilio.\",\"potentialAction\":[{\"@type\":\"SearchAction\",\"target\":{\"@type\":\"EntryPoint\",\"urlTemplate\":\"https:\/\/unmardearroces.com\/_umacentro\/?s={search_term_string}\"},\"query-input\":\"required name=search_term_string\"}],\"inLanguage\":\"es\"}]}<\/script>\n<!-- \/ Yoast SEO plugin. -->","yoast_head_json":{"title":"Cachopo del Silencio Un Mar de Arroces","description":"Del\u00e9itate con nuestro Cachopo de Ternera Asturiana, que combina la jugosidad de la carne de ternera asturiana con la exquisitez del queso de cabra y la cebolla caramelizada. Este plato se sirve con patatas fritas crujientes y pimientos de Padr\u00f3n, ofreci\u00e9ndote una experiencia culinaria inigualable que celebra la tradici\u00f3n gastron\u00f3mica de Asturias en cada bocado","robots":{"index":"index","follow":"follow","max-snippet":"max-snippet:-1","max-image-preview":"max-image-preview:large","max-video-preview":"max-video-preview:-1"},"canonical":"https:\/\/unmardearroces.com\/_umacentro\/producto\/cachopo-del-silencio","og_locale":"es_ES","og_type":"article","og_title":"Cachopo del Silencio Un Mar de Arroces","og_description":"Del\u00e9itate con nuestro Cachopo de Ternera Asturiana, que combina la jugosidad de la carne de ternera asturiana con la exquisitez del queso de cabra y la cebolla caramelizada. Este plato se sirve con patatas fritas crujientes y pimientos de Padr\u00f3n, ofreci\u00e9ndote una experiencia culinaria inigualable que celebra la tradici\u00f3n gastron\u00f3mica de Asturias en cada bocado","og_url":"https:\/\/unmardearroces.com\/_umacentro\/producto\/cachopo-del-silencio","og_site_name":"Un Mar de Arroces","article_publisher":"https:\/\/www.facebook.com\/unmardearroces","article_modified_time":"2023-10-02T17:06:03+00:00","og_image":[{"width":1000,"height":667,"url":"https:\/\/unmardearroces.com\/_umacentro\/wp-content\/uploads\/2020\/05\/Cachopo-Del-Silencio-uma-web-1000-667.png","type":"image\/png"}],"twitter_card":"summary_large_image","twitter_site":"@unmardearroces","twitter_misc":{"Tiempo de lectura":"1 minuto"},"schema":{"@context":"https:\/\/schema.org","@graph":[{"@type":"WebPage","@id":"https:\/\/unmardearroces.com\/_umacentro\/producto\/cachopo-del-silencio","url":"https:\/\/unmardearroces.com\/_umacentro\/producto\/cachopo-del-silencio","name":"Cachopo del Silencio Un Mar de Arroces","isPartOf":{"@id":"https:\/\/unmardearroces.com\/_umacentro\/#website"},"datePublished":"2020-05-03T19:31:54+00:00","dateModified":"2023-10-02T17:06:03+00:00","description":"Del\u00e9itate con nuestro Cachopo de Ternera Asturiana, que combina la jugosidad de la carne de ternera asturiana con la exquisitez del queso de cabra y la cebolla caramelizada. Este plato se sirve con patatas fritas crujientes y pimientos de Padr\u00f3n, ofreci\u00e9ndote una experiencia culinaria inigualable que celebra la tradici\u00f3n gastron\u00f3mica de Asturias en cada bocado","breadcrumb":{"@id":"https:\/\/unmardearroces.com\/_umacentro\/producto\/cachopo-del-silencio#breadcrumb"},"inLanguage":"es","potentialAction":[{"@type":"ReadAction","target":["https:\/\/unmardearroces.com\/_umacentro\/producto\/cachopo-del-silencio"]}]},{"@type":"BreadcrumbList","@id":"https:\/\/unmardearroces.com\/_umacentro\/producto\/cachopo-del-silencio#breadcrumb","itemListElement":[{"@type":"ListItem","position":1,"name":"Portada","item":"https:\/\/unmardearroces.com\/_umacentro\/"},{"@type":"ListItem","position":2,"name":"Productos","item":"https:\/\/unmardearroces.com\/_umacentro\/shop"},{"@type":"ListItem","position":3,"name":"Cachopo del Silencio"}]},{"@type":"WebSite","@id":"https:\/\/unmardearroces.com\/_umacentro\/#website","url":"https:\/\/unmardearroces.com\/_umacentro\/","name":"Un Mar de Arroces","description":"Arroces y Paella premium a domicilio.","potentialAction":[{"@type":"SearchAction","target":{"@type":"EntryPoint","urlTemplate":"https:\/\/unmardearroces.com\/_umacentro\/?s={search_term_string}"},"query-input":"required name=search_term_string"}],"inLanguage":"es"}]}},"_links":{"self":[{"href":"https:\/\/unmardearroces.com\/_umacentro\/wp-json\/wp\/v2\/product\/235067"}],"collection":[{"href":"https:\/\/unmardearroces.com\/_umacentro\/wp-json\/wp\/v2\/product"}],"about":[{"href":"https:\/\/unmardearroces.com\/_umacentro\/wp-json\/wp\/v2\/types\/product"}],"replies":[{"embeddable":true,"href":"https:\/\/unmardearroces.com\/_umacentro\/wp-json\/wp\/v2\/comments?post=235067"}],"wp:featuredmedia":[{"embeddable":true,"href":"https:\/\/unmardearroces.com\/_umacentro\/wp-json\/wp\/v2\/media\/242892"}],"wp:attachment":[{"href":"https:\/\/unmardearroces.com\/_umacentro\/wp-json\/wp\/v2\/media?parent=235067"}],"wp:term":[{"taxonomy":"product_cat","embeddable":true,"href":"https:\/\/unmardearroces.com\/_umacentro\/wp-json\/wp\/v2\/product_cat?post=235067"},{"taxonomy":"product_tag","embeddable":true,"href":"https:\/\/unmardearroces.com\/_umacentro\/wp-json\/wp\/v2\/product_tag?post=235067"}],"curies":[{"name":"wp","href":"https:\/\/api.w.org\/{rel}","templated":true}]}}