{"id":235062,"date":"2020-05-03T19:26:35","date_gmt":"2020-05-03T19:26:35","guid":{"rendered":"https:\/\/unmardearroces.com\/?post_type=product&#038;p=235062"},"modified":"2023-10-02T17:05:37","modified_gmt":"2023-10-02T17:05:37","slug":"cachopo-del-pitu","status":"publish","type":"product","link":"https:\/\/unmardearroces.com\/_umacentro\/producto\/cachopo-del-pitu","title":{"rendered":"Cachopo del Pitu"},"content":{"rendered":"<p>Sum\u00e9rgete en una experiencia culinaria excepcional con nuestro Cachopo de Pollo. Elaborado con dos jugosos filetes de pollo de corral Astur rellenos de bacon y queso Edam, este plato es una deliciosa alternativa que combina la ternura del pollo de corral con el sabor ahumado del bacon y la cremosidad del queso Edam. Una vez empanizado y frito a la perfecci\u00f3n, el Cachopo de Pollo se convierte en un manjar irresistible. Acompa\u00f1ado por guarniciones de tu elecci\u00f3n, este plato es una opci\u00f3n que te har\u00e1 saborear la tradici\u00f3n gastron\u00f3mica asturiana de una manera \u00fanica y deliciosa.<\/p>\n","protected":false},"excerpt":{"rendered":"<p>Sum\u00e9rgete en una experiencia culinaria excepcional con nuestro Cachopo de Pollo. Elaborado con dos jugosos filetes de pollo de corral Astur rellenos de bacon y queso Edam, este plato es una deliciosa alternativa que combina la ternura del pollo de corral con el sabor ahumado del bacon y la cremosidad del queso Edam. Una vez empanizado y frito a la perfecci\u00f3n, el Cachopo de Pollo se convierte en un manjar irresistible. Acompa\u00f1ado por guarniciones de tu elecci\u00f3n, este plato es una opci\u00f3n que te har\u00e1 saborear la tradici\u00f3n gastron\u00f3mica asturiana de una manera \u00fanica y deliciosa.<\/p>\n","protected":false},"featured_media":242886,"comment_status":"open","ping_status":"closed","template":"","meta":{"_et_pb_use_builder":"","_et_pb_old_content":"","_et_gb_content_width":""},"product_cat":[100],"product_tag":[49,19,71],"acf":[],"yoast_head":"<!-- This site is optimized with the Yoast SEO plugin v21.2 - https:\/\/yoast.com\/wordpress\/plugins\/seo\/ -->\n<title>Cachopo del Pitu Un Mar de Arroces<\/title>\n<meta name=\"description\" content=\"Sum\u00e9rgete en una experiencia culinaria excepcional con nuestro Cachopo de Pollo. Elaborado con dos jugosos filetes de pollo de corral Astur rellenos de bacon y queso Edam, este plato es una deliciosa alternativa que combina la ternura del pollo de corral con el sabor ahumado del bacon y la cremosidad del queso Edam. Una vez empanizado y frito a la perfecci\u00f3n, el Cachopo de Pollo se convierte en un manjar irresistible. Acompa\u00f1ado por guarniciones de tu elecci\u00f3n, este plato es una opci\u00f3n que te har\u00e1 saborear la tradici\u00f3n gastron\u00f3mica asturiana de una manera \u00fanica y deliciosa.\" \/>\n<meta name=\"robots\" content=\"index, follow, max-snippet:-1, max-image-preview:large, max-video-preview:-1\" \/>\n<link rel=\"canonical\" href=\"https:\/\/unmardearroces.com\/_umacentro\/producto\/cachopo-del-pitu\" \/>\n<meta property=\"og:locale\" content=\"es_ES\" \/>\n<meta property=\"og:type\" content=\"article\" \/>\n<meta property=\"og:title\" content=\"Cachopo del Pitu Un Mar de Arroces\" \/>\n<meta property=\"og:description\" content=\"Sum\u00e9rgete en una experiencia culinaria excepcional con nuestro Cachopo de Pollo. Elaborado con dos jugosos filetes de pollo de corral Astur rellenos de bacon y queso Edam, este plato es una deliciosa alternativa que combina la ternura del pollo de corral con el sabor ahumado del bacon y la cremosidad del queso Edam. Una vez empanizado y frito a la perfecci\u00f3n, el Cachopo de Pollo se convierte en un manjar irresistible. Acompa\u00f1ado por guarniciones de tu elecci\u00f3n, este plato es una opci\u00f3n que te har\u00e1 saborear la tradici\u00f3n gastron\u00f3mica asturiana de una manera \u00fanica y deliciosa.\" \/>\n<meta property=\"og:url\" content=\"https:\/\/unmardearroces.com\/_umacentro\/producto\/cachopo-del-pitu\" \/>\n<meta property=\"og:site_name\" content=\"Un Mar de Arroces\" \/>\n<meta property=\"article:publisher\" content=\"https:\/\/www.facebook.com\/unmardearroces\" \/>\n<meta property=\"article:modified_time\" content=\"2023-10-02T17:05:37+00:00\" \/>\n<meta property=\"og:image\" content=\"https:\/\/unmardearroces.com\/_umacentro\/wp-content\/uploads\/2020\/05\/cachopo-del-pitu-uma-web-1000-667.jpg-2.webp\" \/>\n\t<meta property=\"og:image:width\" content=\"1000\" \/>\n\t<meta property=\"og:image:height\" content=\"667\" \/>\n\t<meta property=\"og:image:type\" content=\"image\/webp\" \/>\n<meta name=\"twitter:card\" content=\"summary_large_image\" \/>\n<meta name=\"twitter:site\" content=\"@unmardearroces\" \/>\n<meta name=\"twitter:label1\" content=\"Tiempo de lectura\" \/>\n\t<meta name=\"twitter:data1\" content=\"1 minuto\" \/>\n<script type=\"application\/ld+json\" class=\"yoast-schema-graph\">{\"@context\":\"https:\/\/schema.org\",\"@graph\":[{\"@type\":\"WebPage\",\"@id\":\"https:\/\/unmardearroces.com\/_umacentro\/producto\/cachopo-del-pitu\",\"url\":\"https:\/\/unmardearroces.com\/_umacentro\/producto\/cachopo-del-pitu\",\"name\":\"Cachopo del Pitu Un Mar de Arroces\",\"isPartOf\":{\"@id\":\"https:\/\/unmardearroces.com\/_umacentro\/#website\"},\"datePublished\":\"2020-05-03T19:26:35+00:00\",\"dateModified\":\"2023-10-02T17:05:37+00:00\",\"description\":\"Sum\u00e9rgete en una experiencia culinaria excepcional con nuestro Cachopo de Pollo. Elaborado con dos jugosos filetes de pollo de corral Astur rellenos de bacon y queso Edam, este plato es una deliciosa alternativa que combina la ternura del pollo de corral con el sabor ahumado del bacon y la cremosidad del queso Edam. Una vez empanizado y frito a la perfecci\u00f3n, el Cachopo de Pollo se convierte en un manjar irresistible. Acompa\u00f1ado por guarniciones de tu elecci\u00f3n, este plato es una opci\u00f3n que te har\u00e1 saborear la tradici\u00f3n gastron\u00f3mica asturiana de una manera \u00fanica y deliciosa.\",\"breadcrumb\":{\"@id\":\"https:\/\/unmardearroces.com\/_umacentro\/producto\/cachopo-del-pitu#breadcrumb\"},\"inLanguage\":\"es\",\"potentialAction\":[{\"@type\":\"ReadAction\",\"target\":[\"https:\/\/unmardearroces.com\/_umacentro\/producto\/cachopo-del-pitu\"]}]},{\"@type\":\"BreadcrumbList\",\"@id\":\"https:\/\/unmardearroces.com\/_umacentro\/producto\/cachopo-del-pitu#breadcrumb\",\"itemListElement\":[{\"@type\":\"ListItem\",\"position\":1,\"name\":\"Portada\",\"item\":\"https:\/\/unmardearroces.com\/_umacentro\/\"},{\"@type\":\"ListItem\",\"position\":2,\"name\":\"Productos\",\"item\":\"https:\/\/unmardearroces.com\/_umacentro\/shop\"},{\"@type\":\"ListItem\",\"position\":3,\"name\":\"Cachopo del Pitu\"}]},{\"@type\":\"WebSite\",\"@id\":\"https:\/\/unmardearroces.com\/_umacentro\/#website\",\"url\":\"https:\/\/unmardearroces.com\/_umacentro\/\",\"name\":\"Un Mar de Arroces\",\"description\":\"Arroces y Paella premium a domicilio.\",\"potentialAction\":[{\"@type\":\"SearchAction\",\"target\":{\"@type\":\"EntryPoint\",\"urlTemplate\":\"https:\/\/unmardearroces.com\/_umacentro\/?s={search_term_string}\"},\"query-input\":\"required name=search_term_string\"}],\"inLanguage\":\"es\"}]}<\/script>\n<!-- \/ Yoast SEO plugin. -->","yoast_head_json":{"title":"Cachopo del Pitu Un Mar de Arroces","description":"Sum\u00e9rgete en una experiencia culinaria excepcional con nuestro Cachopo de Pollo. Elaborado con dos jugosos filetes de pollo de corral Astur rellenos de bacon y queso Edam, este plato es una deliciosa alternativa que combina la ternura del pollo de corral con el sabor ahumado del bacon y la cremosidad del queso Edam. Una vez empanizado y frito a la perfecci\u00f3n, el Cachopo de Pollo se convierte en un manjar irresistible. Acompa\u00f1ado por guarniciones de tu elecci\u00f3n, este plato es una opci\u00f3n que te har\u00e1 saborear la tradici\u00f3n gastron\u00f3mica asturiana de una manera \u00fanica y deliciosa.","robots":{"index":"index","follow":"follow","max-snippet":"max-snippet:-1","max-image-preview":"max-image-preview:large","max-video-preview":"max-video-preview:-1"},"canonical":"https:\/\/unmardearroces.com\/_umacentro\/producto\/cachopo-del-pitu","og_locale":"es_ES","og_type":"article","og_title":"Cachopo del Pitu Un Mar de Arroces","og_description":"Sum\u00e9rgete en una experiencia culinaria excepcional con nuestro Cachopo de Pollo. Elaborado con dos jugosos filetes de pollo de corral Astur rellenos de bacon y queso Edam, este plato es una deliciosa alternativa que combina la ternura del pollo de corral con el sabor ahumado del bacon y la cremosidad del queso Edam. Una vez empanizado y frito a la perfecci\u00f3n, el Cachopo de Pollo se convierte en un manjar irresistible. Acompa\u00f1ado por guarniciones de tu elecci\u00f3n, este plato es una opci\u00f3n que te har\u00e1 saborear la tradici\u00f3n gastron\u00f3mica asturiana de una manera \u00fanica y deliciosa.","og_url":"https:\/\/unmardearroces.com\/_umacentro\/producto\/cachopo-del-pitu","og_site_name":"Un Mar de Arroces","article_publisher":"https:\/\/www.facebook.com\/unmardearroces","article_modified_time":"2023-10-02T17:05:37+00:00","og_image":[{"width":1000,"height":667,"url":"https:\/\/unmardearroces.com\/_umacentro\/wp-content\/uploads\/2020\/05\/cachopo-del-pitu-uma-web-1000-667.jpg-2.webp","type":"image\/webp"}],"twitter_card":"summary_large_image","twitter_site":"@unmardearroces","twitter_misc":{"Tiempo de lectura":"1 minuto"},"schema":{"@context":"https:\/\/schema.org","@graph":[{"@type":"WebPage","@id":"https:\/\/unmardearroces.com\/_umacentro\/producto\/cachopo-del-pitu","url":"https:\/\/unmardearroces.com\/_umacentro\/producto\/cachopo-del-pitu","name":"Cachopo del Pitu Un Mar de Arroces","isPartOf":{"@id":"https:\/\/unmardearroces.com\/_umacentro\/#website"},"datePublished":"2020-05-03T19:26:35+00:00","dateModified":"2023-10-02T17:05:37+00:00","description":"Sum\u00e9rgete en una experiencia culinaria excepcional con nuestro Cachopo de Pollo. Elaborado con dos jugosos filetes de pollo de corral Astur rellenos de bacon y queso Edam, este plato es una deliciosa alternativa que combina la ternura del pollo de corral con el sabor ahumado del bacon y la cremosidad del queso Edam. Una vez empanizado y frito a la perfecci\u00f3n, el Cachopo de Pollo se convierte en un manjar irresistible. Acompa\u00f1ado por guarniciones de tu elecci\u00f3n, este plato es una opci\u00f3n que te har\u00e1 saborear la tradici\u00f3n gastron\u00f3mica asturiana de una manera \u00fanica y deliciosa.","breadcrumb":{"@id":"https:\/\/unmardearroces.com\/_umacentro\/producto\/cachopo-del-pitu#breadcrumb"},"inLanguage":"es","potentialAction":[{"@type":"ReadAction","target":["https:\/\/unmardearroces.com\/_umacentro\/producto\/cachopo-del-pitu"]}]},{"@type":"BreadcrumbList","@id":"https:\/\/unmardearroces.com\/_umacentro\/producto\/cachopo-del-pitu#breadcrumb","itemListElement":[{"@type":"ListItem","position":1,"name":"Portada","item":"https:\/\/unmardearroces.com\/_umacentro\/"},{"@type":"ListItem","position":2,"name":"Productos","item":"https:\/\/unmardearroces.com\/_umacentro\/shop"},{"@type":"ListItem","position":3,"name":"Cachopo del Pitu"}]},{"@type":"WebSite","@id":"https:\/\/unmardearroces.com\/_umacentro\/#website","url":"https:\/\/unmardearroces.com\/_umacentro\/","name":"Un Mar de Arroces","description":"Arroces y Paella premium a domicilio.","potentialAction":[{"@type":"SearchAction","target":{"@type":"EntryPoint","urlTemplate":"https:\/\/unmardearroces.com\/_umacentro\/?s={search_term_string}"},"query-input":"required name=search_term_string"}],"inLanguage":"es"}]}},"_links":{"self":[{"href":"https:\/\/unmardearroces.com\/_umacentro\/wp-json\/wp\/v2\/product\/235062"}],"collection":[{"href":"https:\/\/unmardearroces.com\/_umacentro\/wp-json\/wp\/v2\/product"}],"about":[{"href":"https:\/\/unmardearroces.com\/_umacentro\/wp-json\/wp\/v2\/types\/product"}],"replies":[{"embeddable":true,"href":"https:\/\/unmardearroces.com\/_umacentro\/wp-json\/wp\/v2\/comments?post=235062"}],"wp:featuredmedia":[{"embeddable":true,"href":"https:\/\/unmardearroces.com\/_umacentro\/wp-json\/wp\/v2\/media\/242886"}],"wp:attachment":[{"href":"https:\/\/unmardearroces.com\/_umacentro\/wp-json\/wp\/v2\/media?parent=235062"}],"wp:term":[{"taxonomy":"product_cat","embeddable":true,"href":"https:\/\/unmardearroces.com\/_umacentro\/wp-json\/wp\/v2\/product_cat?post=235062"},{"taxonomy":"product_tag","embeddable":true,"href":"https:\/\/unmardearroces.com\/_umacentro\/wp-json\/wp\/v2\/product_tag?post=235062"}],"curies":[{"name":"wp","href":"https:\/\/api.w.org\/{rel}","templated":true}]}}