{"id":234591,"date":"2020-04-25T13:27:40","date_gmt":"2020-04-25T13:27:40","guid":{"rendered":"https:\/\/unmardearroces.com\/?post_type=product&#038;p=234591"},"modified":"2023-09-13T09:49:01","modified_gmt":"2023-09-13T09:49:01","slug":"allinegre-artesano","status":"publish","type":"product","link":"https:\/\/unmardearroces.com\/_umacentro\/producto\/allinegre-artesano","title":{"rendered":"Croqueta Caseras de Pulpo"},"content":{"rendered":"<p>Las croquetas caseras de pulpo son una aut\u00e9ntica delicia. Con una cremosa textura y un sabor a mar profundo y ahumado, estas croquetas son un fest\u00edn para los sentidos que te transporta a la costa en cada bocado.<\/p>\n","protected":false},"excerpt":{"rendered":"<p>Del\u00e9itate con nuestras croquetas de jam\u00f3n ib\u00e9rico, una fusi\u00f3n perfecta de cremosidad y sabor intenso. Elaboradas con jam\u00f3n ib\u00e9rico de la m\u00e1s alta calidad, estas croquetas son un bocado irresistible que te transportar\u00e1 a la aut\u00e9ntica cocina espa\u00f1ola.<\/p>\n","protected":false},"featured_media":238377,"comment_status":"open","ping_status":"closed","template":"","meta":{"_et_pb_use_builder":"","_et_pb_old_content":"","_et_gb_content_width":""},"product_cat":[21],"product_tag":[65,63],"acf":[],"yoast_head":"<!-- This site is optimized with the Yoast SEO plugin v21.2 - https:\/\/yoast.com\/wordpress\/plugins\/seo\/ -->\n<title>Croqueta Caseras de Pulpo Un Mar de Arroces<\/title>\n<meta name=\"description\" content=\"Del\u00e9itate con nuestras croquetas de jam\u00f3n ib\u00e9rico, una fusi\u00f3n perfecta de cremosidad y sabor intenso. Elaboradas con jam\u00f3n ib\u00e9rico de la m\u00e1s alta calidad, estas croquetas son un bocado irresistible que te transportar\u00e1 a la aut\u00e9ntica cocina espa\u00f1ola.\" \/>\n<meta name=\"robots\" content=\"index, follow, max-snippet:-1, max-image-preview:large, max-video-preview:-1\" \/>\n<link rel=\"canonical\" href=\"https:\/\/unmardearroces.com\/_umacentro\/producto\/allinegre-artesano\" \/>\n<meta property=\"og:locale\" content=\"es_ES\" \/>\n<meta property=\"og:type\" content=\"article\" \/>\n<meta property=\"og:title\" content=\"Croqueta Caseras de Pulpo Un Mar de Arroces\" \/>\n<meta property=\"og:description\" content=\"Del\u00e9itate con nuestras croquetas de jam\u00f3n ib\u00e9rico, una fusi\u00f3n perfecta de cremosidad y sabor intenso. Elaboradas con jam\u00f3n ib\u00e9rico de la m\u00e1s alta calidad, estas croquetas son un bocado irresistible que te transportar\u00e1 a la aut\u00e9ntica cocina espa\u00f1ola.\" \/>\n<meta property=\"og:url\" content=\"https:\/\/unmardearroces.com\/_umacentro\/producto\/allinegre-artesano\" \/>\n<meta property=\"og:site_name\" content=\"Un Mar de Arroces\" \/>\n<meta property=\"article:publisher\" content=\"https:\/\/www.facebook.com\/unmardearroces\" \/>\n<meta property=\"article:modified_time\" content=\"2023-09-13T09:49:01+00:00\" \/>\n<meta property=\"og:image\" content=\"https:\/\/unmardearroces.com\/_umacentro\/wp-content\/uploads\/2021\/06\/Croquetas-UMA-web.jpg\" \/>\n\t<meta property=\"og:image:width\" content=\"1000\" \/>\n\t<meta property=\"og:image:height\" content=\"667\" \/>\n\t<meta property=\"og:image:type\" content=\"image\/jpeg\" \/>\n<meta name=\"twitter:card\" content=\"summary_large_image\" \/>\n<meta name=\"twitter:site\" content=\"@unmardearroces\" \/>\n<meta name=\"twitter:label1\" content=\"Tiempo de lectura\" \/>\n\t<meta name=\"twitter:data1\" content=\"1 minuto\" \/>\n<script type=\"application\/ld+json\" class=\"yoast-schema-graph\">{\"@context\":\"https:\/\/schema.org\",\"@graph\":[{\"@type\":\"WebPage\",\"@id\":\"https:\/\/unmardearroces.com\/_umacentro\/producto\/allinegre-artesano\",\"url\":\"https:\/\/unmardearroces.com\/_umacentro\/producto\/allinegre-artesano\",\"name\":\"Croqueta Caseras de Pulpo Un Mar de Arroces\",\"isPartOf\":{\"@id\":\"https:\/\/unmardearroces.com\/_umacentro\/#website\"},\"datePublished\":\"2020-04-25T13:27:40+00:00\",\"dateModified\":\"2023-09-13T09:49:01+00:00\",\"description\":\"Del\u00e9itate con nuestras croquetas de jam\u00f3n ib\u00e9rico, una fusi\u00f3n perfecta de cremosidad y sabor intenso. Elaboradas con jam\u00f3n ib\u00e9rico de la m\u00e1s alta calidad, estas croquetas son un bocado irresistible que te transportar\u00e1 a la aut\u00e9ntica cocina espa\u00f1ola.\",\"breadcrumb\":{\"@id\":\"https:\/\/unmardearroces.com\/_umacentro\/producto\/allinegre-artesano#breadcrumb\"},\"inLanguage\":\"es\",\"potentialAction\":[{\"@type\":\"ReadAction\",\"target\":[\"https:\/\/unmardearroces.com\/_umacentro\/producto\/allinegre-artesano\"]}]},{\"@type\":\"BreadcrumbList\",\"@id\":\"https:\/\/unmardearroces.com\/_umacentro\/producto\/allinegre-artesano#breadcrumb\",\"itemListElement\":[{\"@type\":\"ListItem\",\"position\":1,\"name\":\"Portada\",\"item\":\"https:\/\/unmardearroces.com\/_umacentro\/\"},{\"@type\":\"ListItem\",\"position\":2,\"name\":\"Productos\",\"item\":\"https:\/\/unmardearroces.com\/_umacentro\/shop\"},{\"@type\":\"ListItem\",\"position\":3,\"name\":\"Croqueta Caseras de Pulpo\"}]},{\"@type\":\"WebSite\",\"@id\":\"https:\/\/unmardearroces.com\/_umacentro\/#website\",\"url\":\"https:\/\/unmardearroces.com\/_umacentro\/\",\"name\":\"Un Mar de Arroces\",\"description\":\"Arroces y Paella premium a domicilio.\",\"potentialAction\":[{\"@type\":\"SearchAction\",\"target\":{\"@type\":\"EntryPoint\",\"urlTemplate\":\"https:\/\/unmardearroces.com\/_umacentro\/?s={search_term_string}\"},\"query-input\":\"required name=search_term_string\"}],\"inLanguage\":\"es\"}]}<\/script>\n<!-- \/ Yoast SEO plugin. -->","yoast_head_json":{"title":"Croqueta Caseras de Pulpo Un Mar de Arroces","description":"Del\u00e9itate con nuestras croquetas de jam\u00f3n ib\u00e9rico, una fusi\u00f3n perfecta de cremosidad y sabor intenso. Elaboradas con jam\u00f3n ib\u00e9rico de la m\u00e1s alta calidad, estas croquetas son un bocado irresistible que te transportar\u00e1 a la aut\u00e9ntica cocina espa\u00f1ola.","robots":{"index":"index","follow":"follow","max-snippet":"max-snippet:-1","max-image-preview":"max-image-preview:large","max-video-preview":"max-video-preview:-1"},"canonical":"https:\/\/unmardearroces.com\/_umacentro\/producto\/allinegre-artesano","og_locale":"es_ES","og_type":"article","og_title":"Croqueta Caseras de Pulpo Un Mar de Arroces","og_description":"Del\u00e9itate con nuestras croquetas de jam\u00f3n ib\u00e9rico, una fusi\u00f3n perfecta de cremosidad y sabor intenso. Elaboradas con jam\u00f3n ib\u00e9rico de la m\u00e1s alta calidad, estas croquetas son un bocado irresistible que te transportar\u00e1 a la aut\u00e9ntica cocina espa\u00f1ola.","og_url":"https:\/\/unmardearroces.com\/_umacentro\/producto\/allinegre-artesano","og_site_name":"Un Mar de Arroces","article_publisher":"https:\/\/www.facebook.com\/unmardearroces","article_modified_time":"2023-09-13T09:49:01+00:00","og_image":[{"width":1000,"height":667,"url":"https:\/\/unmardearroces.com\/_umacentro\/wp-content\/uploads\/2021\/06\/Croquetas-UMA-web.jpg","type":"image\/jpeg"}],"twitter_card":"summary_large_image","twitter_site":"@unmardearroces","twitter_misc":{"Tiempo de lectura":"1 minuto"},"schema":{"@context":"https:\/\/schema.org","@graph":[{"@type":"WebPage","@id":"https:\/\/unmardearroces.com\/_umacentro\/producto\/allinegre-artesano","url":"https:\/\/unmardearroces.com\/_umacentro\/producto\/allinegre-artesano","name":"Croqueta Caseras de Pulpo Un Mar de Arroces","isPartOf":{"@id":"https:\/\/unmardearroces.com\/_umacentro\/#website"},"datePublished":"2020-04-25T13:27:40+00:00","dateModified":"2023-09-13T09:49:01+00:00","description":"Del\u00e9itate con nuestras croquetas de jam\u00f3n ib\u00e9rico, una fusi\u00f3n perfecta de cremosidad y sabor intenso. Elaboradas con jam\u00f3n ib\u00e9rico de la m\u00e1s alta calidad, estas croquetas son un bocado irresistible que te transportar\u00e1 a la aut\u00e9ntica cocina espa\u00f1ola.","breadcrumb":{"@id":"https:\/\/unmardearroces.com\/_umacentro\/producto\/allinegre-artesano#breadcrumb"},"inLanguage":"es","potentialAction":[{"@type":"ReadAction","target":["https:\/\/unmardearroces.com\/_umacentro\/producto\/allinegre-artesano"]}]},{"@type":"BreadcrumbList","@id":"https:\/\/unmardearroces.com\/_umacentro\/producto\/allinegre-artesano#breadcrumb","itemListElement":[{"@type":"ListItem","position":1,"name":"Portada","item":"https:\/\/unmardearroces.com\/_umacentro\/"},{"@type":"ListItem","position":2,"name":"Productos","item":"https:\/\/unmardearroces.com\/_umacentro\/shop"},{"@type":"ListItem","position":3,"name":"Croqueta Caseras de Pulpo"}]},{"@type":"WebSite","@id":"https:\/\/unmardearroces.com\/_umacentro\/#website","url":"https:\/\/unmardearroces.com\/_umacentro\/","name":"Un Mar de Arroces","description":"Arroces y Paella premium a domicilio.","potentialAction":[{"@type":"SearchAction","target":{"@type":"EntryPoint","urlTemplate":"https:\/\/unmardearroces.com\/_umacentro\/?s={search_term_string}"},"query-input":"required name=search_term_string"}],"inLanguage":"es"}]}},"_links":{"self":[{"href":"https:\/\/unmardearroces.com\/_umacentro\/wp-json\/wp\/v2\/product\/234591"}],"collection":[{"href":"https:\/\/unmardearroces.com\/_umacentro\/wp-json\/wp\/v2\/product"}],"about":[{"href":"https:\/\/unmardearroces.com\/_umacentro\/wp-json\/wp\/v2\/types\/product"}],"replies":[{"embeddable":true,"href":"https:\/\/unmardearroces.com\/_umacentro\/wp-json\/wp\/v2\/comments?post=234591"}],"wp:featuredmedia":[{"embeddable":true,"href":"https:\/\/unmardearroces.com\/_umacentro\/wp-json\/wp\/v2\/media\/238377"}],"wp:attachment":[{"href":"https:\/\/unmardearroces.com\/_umacentro\/wp-json\/wp\/v2\/media?parent=234591"}],"wp:term":[{"taxonomy":"product_cat","embeddable":true,"href":"https:\/\/unmardearroces.com\/_umacentro\/wp-json\/wp\/v2\/product_cat?post=234591"},{"taxonomy":"product_tag","embeddable":true,"href":"https:\/\/unmardearroces.com\/_umacentro\/wp-json\/wp\/v2\/product_tag?post=234591"}],"curies":[{"name":"wp","href":"https:\/\/api.w.org\/{rel}","templated":true}]}}