{"id":235410,"date":"2020-05-09T10:30:51","date_gmt":"2020-05-09T10:30:51","guid":{"rendered":"https:\/\/unmardearroces.com\/?page_id=235410"},"modified":"2020-05-09T10:42:31","modified_gmt":"2020-05-09T10:42:31","slug":"tabla-alergenos","status":"publish","type":"page","link":"https:\/\/unmardearroces.com\/_umacentro\/tabla-alergenos","title":{"rendered":"TABLA AL\u00c9RGENOS"},"content":{"rendered":"<p>[et_pb_section fb_built=\u00bb1&#8243; _builder_version=\u00bb4.4.5&#8243;][et_pb_row _builder_version=\u00bb4.4.5&#8243; max_width=\u00bb2560px\u00bb width_last_edited=\u00bbon|phone\u00bb hover_enabled=\u00bb0&#8243; width_tablet=\u00bb90%\u00bb width_phone=\u00bb90%\u00bb][et_pb_column _builder_version=\u00bb4.4.5&#8243; type=\u00bb4_4&#8243;][et_pb_text _builder_version=\u00bb4.4.5&#8243; hover_enabled=\u00bb0&#8243; header_font=\u00bbLato|900|||||||\u00bb header_letter_spacing=\u00bb5px\u00bb header_font_size=\u00bb40px\u00bb header_font_size_last_edited=\u00bbon|phone\u00bb header_font_size_tablet=\u00bb30px\u00bb header_font_size_phone=\u00bb30px\u00bb]<\/p>\n<h1 style=\"text-align: center;\">TABLA DE AL\u00c9RGENOS<\/h1>\n<p>[\/et_pb_text][\/et_pb_column][\/et_pb_row][et_pb_row _builder_version=\u00bb4.4.5&#8243; max_width=\u00bb2560px\u00bb width_last_edited=\u00bbon|phone\u00bb hover_enabled=\u00bb0&#8243; width_tablet=\u00bb90%\u00bb width_phone=\u00bb90%\u00bb custom_margin=\u00bb-6px|auto||auto||\u00bb][et_pb_column _builder_version=\u00bb4.4.5&#8243; type=\u00bb4_4&#8243;][et_pb_image src=\u00bbhttps:\/\/unmardearroces.com\/wp-content\/uploads\/2020\/05\/UN-MAR-DE-ARROCES-LISTA-DE-ALERGENOS-scaled.jpg\u00bb _builder_version=\u00bb4.4.5&#8243; title_text=\u00bbUN-MAR-DE-ARROCES-LISTA-DE-ALERGENOS\u00bb hover_enabled=\u00bb0&#8243;][\/et_pb_image][\/et_pb_column][\/et_pb_row][\/et_pb_section][et_pb_section fb_built=\u00bb1&#8243; _builder_version=\u00bb4.4.2&#8243; background_color=\u00bb#F8F9F7&#8243; min_height=\u00bb325px\u00bb custom_padding=\u00bb0px||0px||false|false\u00bb border_width_top=\u00bb2px\u00bb border_color_top=\u00bb#307d8d\u00bb saved_tabs=\u00bball\u00bb global_module=\u00bb2215&#8243;][et_pb_row column_structure=\u00bb1_4,1_4,1_4,1_4&#8243; use_custom_gutter=\u00bbon\u00bb _builder_version=\u00bb4.4.4&#8243; width_tablet=\u00bb90%\u00bb width_phone=\u00bb90%\u00bb width_last_edited=\u00bbon|phone\u00bb max_width=\u00bb2560px\u00bb module_alignment=\u00bbcenter\u00bb custom_margin=\u00bb0px|auto|0px|auto|true|false\u00bb][et_pb_column type=\u00bb1_4&#8243; _builder_version=\u00bb4.3.2&#8243;][et_pb_text _builder_version=\u00bb4.3.2&#8243; custom_margin=\u00bb37px||14px|||\u00bb]<\/p>\n<h3 style=\"text-align: center;\">DONDE ESTAMOS<\/h3>\n<p>[\/et_pb_text][et_pb_text _builder_version=\u00bb4.4.2&#8243; text_font=\u00bb|300|||||||\u00bb text_font_size=\u00bb15px\u00bb text_line_height=\u00bb1.5em\u00bb custom_margin=\u00bb||0px|||\u00bb]<\/p>\n<p style=\"text-align: center;\"><span>Centro Comercial El Palacio Boadilla,\u00a0<\/span><span>Ctra. de Majadahonda, n\u00ba 50,\u00a0<\/span><span>Planta 1 Local 32,(junto a Bankia)<\/span><\/p>\n<p style=\"text-align: center;\"><span>28660 Boadilla del Monte, Madrid<\/span><\/p>\n<p>[\/et_pb_text][\/et_pb_column][et_pb_column type=\u00bb1_4&#8243; _builder_version=\u00bb4.3.2&#8243;][et_pb_text _builder_version=\u00bb4.4.2&#8243; text_font=\u00bb|300|||||||\u00bb text_font_size=\u00bb15px\u00bb text_line_height=\u00bb1.2em\u00bb module_alignment=\u00bbcenter\u00bb custom_margin=\u00bb||1px|||\u00bb custom_padding=\u00bb37px|||||\u00bb]<\/p>\n<p style=\"text-align: center;\"><span><a href=\"mailto:pedidos@unmardearroces.com\"><strong>info@unmardearroces.com<\/strong><\/a><\/span><\/p>\n<p style=\"text-align: center;\"><span>Telf: 642906916-916326008<\/span><\/p>\n<p style=\"text-align: center;\"><span>Horario Atenci\u00f3n telef\u00f3nica:<\/span><\/p>\n<p style=\"text-align: center;\"><span>De Lunes a Domingo de 10:00 a 22:00<\/span><\/p>\n<p>[\/et_pb_text][\/et_pb_column][et_pb_column type=\u00bb1_4&#8243; _builder_version=\u00bb4.3.2&#8243;][et_pb_text _builder_version=\u00bb4.4.2&#8243; custom_margin=\u00bb37px||-4px|||\u00bb]<\/p>\n<h3 style=\"text-align: center;\">NUESTRO HORARIO\u00a0<\/h3>\n<p>[\/et_pb_text][et_pb_text _builder_version=\u00bb4.4.4&#8243; text_font=\u00bb|300|||||||\u00bb text_font_size=\u00bb15px\u00bb text_line_height=\u00bb1.5em\u00bb custom_margin=\u00bb5px|||||\u00bb]<\/p>\n<p style=\"text-align: center;\">S\u00e1bados, Domingos y festivos de 13:00 a 16:00.<\/p>\n<p style=\"text-align: center;\">Puedes consultar nuestro calendario de apertura <em><strong><a href=\"https:\/\/unmardearroces.com\/wp-content\/uploads\/2020\/04\/UN-MAR-DE-ARROCES-CALENDARIO-DE-APERTURA-2020.jpg\" target=\"_blank\" rel=\"noopener noreferrer\">aqu\u00ed<\/a><\/strong><\/em>.<\/p>\n<p>[\/et_pb_text][\/et_pb_column][et_pb_column type=\u00bb1_4&#8243; _builder_version=\u00bb4.3.2&#8243;][et_pb_text _builder_version=\u00bb4.3.2&#8243; custom_margin=\u00bb37px||18px|||\u00bb]<\/p>\n<h3 style=\"text-align: center;\">AVISOS LEGALES<\/h3>\n<p>[\/et_pb_text][et_pb_text _builder_version=\u00bb4.3.2&#8243; text_line_height=\u00bb1.2em\u00bb]<\/p>\n<p style=\"text-align: center;\"><a href=\"https:\/\/unmardearroces.com\/terminos-y-condiciones\" target=\"_blank\" rel=\"noopener noreferrer\">T\u00e9rminos y Condiciones<\/a><\/p>\n<p style=\"text-align: center;\"><a href=\"https:\/\/unmardearroces.com\/preguntas-frecuentes\" target=\"_blank\" rel=\"noopener noreferrer\">Preguntas Frecuentes<\/a><\/p>\n<p style=\"text-align: center;\"><a href=\"https:\/\/unmardearroces.com\/politica-de-envio-y-reclamaciones\" target=\"_blank\" rel=\"noopener noreferrer\">Pol\u00edtica de Env\u00edo y Reclamaciones<\/a><\/p>\n<p>[\/et_pb_text][\/et_pb_column][\/et_pb_row][et_pb_row disabled_on=\u00bboff|off|off\u00bb _builder_version=\u00bb4.4.4&#8243;][et_pb_column type=\u00bb4_4&#8243; _builder_version=\u00bb4.4.4&#8243;][et_pb_social_media_follow _builder_version=\u00bb4.4.4&#8243; text_orientation=\u00bbcenter\u00bb custom_margin=\u00bb||0px||false|false\u00bb custom_padding=\u00bb20px|||||\u00bb][et_pb_social_media_follow_network social_network=\u00bbfacebook\u00bb url=\u00bbhttps:\/\/www.facebook.com\/unmardearroces\/?__tn__=K-R&#038;eid=ARApnxxXiIy929QnzMfwVfVWsDU9S0wd7jUODTpzMriWeVLIBKkowrtZh0FI96-xjuuPNcJFlppUUI9h&#038;fref=mentions&#038;__xts__%910%93=68.ARCbjUTBN8bIGS834A5cZ99AebC0kW1nqyfX5SrcSzxQqPWBOch4gctNekz29TTcMl977DIwiLGa36C-gGFNGXkiUinBrg2e_L0UQVzxQNKuk-QI2slHreKbj7EwJto-sx7f0IQ_7FqigAq3xySnR996rNACxdssPW0cc2QHuRCsmBfR9ecpLsCdjCBMU3IW_xYkBH_yDGFYq4v2u7M-dBEMl-lrI8NEdT0ljKAG6Bem_TjVcPaCNh6g3WNu-BDezzjE5rgeapoTl5m_PUeack7SeaWEwrBaJ7W2QbyFlWl1vPrmsRcfBw3bpbOu9PQEgftxE3ebYfAI5jvo0wLYoSg\u00bb use_icon_font_size=\u00bbon\u00bb icon_font_size=\u00bb20px\u00bb _builder_version=\u00bb4.4.2&#8243; background_color=\u00bb#307d8d\u00bb background_enable_color=\u00bbon\u00bb background__hover_enabled=\u00bbon|hover\u00bb background_color__hover=\u00bb#e8c547&#8243; background_enable_color__hover=\u00bbon\u00bb follow_button=\u00bboff\u00bb url_new_window=\u00bbon\u00bb]facebook[\/et_pb_social_media_follow_network][et_pb_social_media_follow_network social_network=\u00bbinstagram\u00bb url=\u00bbhttps:\/\/www.instagram.com\/unmardearroces\/\u00bb use_icon_font_size=\u00bbon\u00bb icon_font_size=\u00bb20px\u00bb _builder_version=\u00bb4.4.2&#8243; background_color=\u00bb#307d8d\u00bb background_enable_color=\u00bbon\u00bb background__hover_enabled=\u00bbon|hover\u00bb background_color__hover=\u00bb#e8c547&#8243; background_enable_color__hover=\u00bbon\u00bb follow_button=\u00bboff\u00bb url_new_window=\u00bbon\u00bb]instagram[\/et_pb_social_media_follow_network][\/et_pb_social_media_follow][\/et_pb_column][\/et_pb_row][\/et_pb_section]<\/p>\n","protected":false},"excerpt":{"rendered":"<p>TABLA DE AL\u00c9RGENOS DONDE ESTAMOSCentro Comercial El Palacio Boadilla,\u00a0Ctra. de Majadahonda, n\u00ba 50,\u00a0Planta 1 Local 32,(junto a Bankia) 28660 Boadilla del Monte, Madridinfo@unmardearroces.com Telf: 642906916-916326008 Horario Atenci\u00f3n telef\u00f3nica: De Lunes a Domingo de 10:00 a 22:00NUESTRO HORARIO\u00a0S\u00e1bados, Domingos y festivos de 13:00 a 16:00. Puedes consultar nuestro calendario de apertura aqu\u00ed.AVISOS LEGALEST\u00e9rminos y Condiciones Preguntas [&hellip;]<\/p>\n","protected":false},"author":1,"featured_media":0,"parent":0,"menu_order":0,"comment_status":"closed","ping_status":"closed","template":"","meta":{"_et_pb_use_builder":"on","_et_pb_old_content":"","_et_gb_content_width":"","footnotes":""},"acf":[],"yoast_head":"<!-- This site is optimized with the Yoast SEO plugin v21.2 - https:\/\/yoast.com\/wordpress\/plugins\/seo\/ -->\n<title>TABLA AL\u00c9RGENOS Un Mar de Arroces<\/title>\n<meta name=\"robots\" content=\"index, follow, max-snippet:-1, max-image-preview:large, max-video-preview:-1\" \/>\n<link rel=\"canonical\" href=\"https:\/\/unmardearroces.com\/_umacentro\/tabla-alergenos\" \/>\n<meta property=\"og:locale\" content=\"es_ES\" \/>\n<meta property=\"og:type\" content=\"article\" \/>\n<meta property=\"og:title\" content=\"TABLA AL\u00c9RGENOS Un Mar de Arroces\" \/>\n<meta property=\"og:url\" content=\"https:\/\/unmardearroces.com\/_umacentro\/tabla-alergenos\" \/>\n<meta property=\"og:site_name\" content=\"Un Mar de Arroces\" \/>\n<meta property=\"article:publisher\" content=\"https:\/\/www.facebook.com\/unmardearroces\" \/>\n<meta property=\"article:modified_time\" content=\"2020-05-09T10:42:31+00:00\" \/>\n<meta property=\"og:image\" content=\"https:\/\/unmardearroces.com\/_umacentro\/wp-content\/uploads\/2020\/03\/LOGO-UN-MAR-DE-ARROCES-ARROCERIA-A-DOMICILIO-1-1.png\" \/>\n\t<meta property=\"og:image:width\" content=\"512\" \/>\n\t<meta property=\"og:image:height\" content=\"512\" \/>\n\t<meta property=\"og:image:type\" content=\"image\/png\" \/>\n<meta name=\"twitter:card\" content=\"summary_large_image\" \/>\n<meta name=\"twitter:site\" content=\"@unmardearroces\" \/>\n<meta name=\"twitter:label1\" content=\"Tiempo de lectura\" \/>\n\t<meta name=\"twitter:data1\" content=\"3 minutos\" \/>\n<script type=\"application\/ld+json\" class=\"yoast-schema-graph\">{\"@context\":\"https:\/\/schema.org\",\"@graph\":[{\"@type\":\"WebPage\",\"@id\":\"https:\/\/unmardearroces.com\/_umacentro\/tabla-alergenos\",\"url\":\"https:\/\/unmardearroces.com\/_umacentro\/tabla-alergenos\",\"name\":\"TABLA AL\u00c9RGENOS Un Mar de Arroces\",\"isPartOf\":{\"@id\":\"https:\/\/unmardearroces.com\/_umacentro\/#website\"},\"datePublished\":\"2020-05-09T10:30:51+00:00\",\"dateModified\":\"2020-05-09T10:42:31+00:00\",\"breadcrumb\":{\"@id\":\"https:\/\/unmardearroces.com\/_umacentro\/tabla-alergenos#breadcrumb\"},\"inLanguage\":\"es\",\"potentialAction\":[{\"@type\":\"ReadAction\",\"target\":[\"https:\/\/unmardearroces.com\/_umacentro\/tabla-alergenos\"]}]},{\"@type\":\"BreadcrumbList\",\"@id\":\"https:\/\/unmardearroces.com\/_umacentro\/tabla-alergenos#breadcrumb\",\"itemListElement\":[{\"@type\":\"ListItem\",\"position\":1,\"name\":\"Portada\",\"item\":\"https:\/\/unmardearroces.com\/_umacentro\/\"},{\"@type\":\"ListItem\",\"position\":2,\"name\":\"TABLA AL\u00c9RGENOS\"}]},{\"@type\":\"WebSite\",\"@id\":\"https:\/\/unmardearroces.com\/_umacentro\/#website\",\"url\":\"https:\/\/unmardearroces.com\/_umacentro\/\",\"name\":\"Un Mar de Arroces\",\"description\":\"Arroces y Paella premium a domicilio.\",\"potentialAction\":[{\"@type\":\"SearchAction\",\"target\":{\"@type\":\"EntryPoint\",\"urlTemplate\":\"https:\/\/unmardearroces.com\/_umacentro\/?s={search_term_string}\"},\"query-input\":\"required name=search_term_string\"}],\"inLanguage\":\"es\"}]}<\/script>\n<!-- \/ Yoast SEO plugin. -->","yoast_head_json":{"title":"TABLA AL\u00c9RGENOS Un Mar de Arroces","robots":{"index":"index","follow":"follow","max-snippet":"max-snippet:-1","max-image-preview":"max-image-preview:large","max-video-preview":"max-video-preview:-1"},"canonical":"https:\/\/unmardearroces.com\/_umacentro\/tabla-alergenos","og_locale":"es_ES","og_type":"article","og_title":"TABLA AL\u00c9RGENOS Un Mar de Arroces","og_url":"https:\/\/unmardearroces.com\/_umacentro\/tabla-alergenos","og_site_name":"Un Mar de Arroces","article_publisher":"https:\/\/www.facebook.com\/unmardearroces","article_modified_time":"2020-05-09T10:42:31+00:00","og_image":[{"width":512,"height":512,"url":"https:\/\/unmardearroces.com\/_umacentro\/wp-content\/uploads\/2020\/03\/LOGO-UN-MAR-DE-ARROCES-ARROCERIA-A-DOMICILIO-1-1.png","type":"image\/png"}],"twitter_card":"summary_large_image","twitter_site":"@unmardearroces","twitter_misc":{"Tiempo de lectura":"3 minutos"},"schema":{"@context":"https:\/\/schema.org","@graph":[{"@type":"WebPage","@id":"https:\/\/unmardearroces.com\/_umacentro\/tabla-alergenos","url":"https:\/\/unmardearroces.com\/_umacentro\/tabla-alergenos","name":"TABLA AL\u00c9RGENOS Un Mar de Arroces","isPartOf":{"@id":"https:\/\/unmardearroces.com\/_umacentro\/#website"},"datePublished":"2020-05-09T10:30:51+00:00","dateModified":"2020-05-09T10:42:31+00:00","breadcrumb":{"@id":"https:\/\/unmardearroces.com\/_umacentro\/tabla-alergenos#breadcrumb"},"inLanguage":"es","potentialAction":[{"@type":"ReadAction","target":["https:\/\/unmardearroces.com\/_umacentro\/tabla-alergenos"]}]},{"@type":"BreadcrumbList","@id":"https:\/\/unmardearroces.com\/_umacentro\/tabla-alergenos#breadcrumb","itemListElement":[{"@type":"ListItem","position":1,"name":"Portada","item":"https:\/\/unmardearroces.com\/_umacentro\/"},{"@type":"ListItem","position":2,"name":"TABLA AL\u00c9RGENOS"}]},{"@type":"WebSite","@id":"https:\/\/unmardearroces.com\/_umacentro\/#website","url":"https:\/\/unmardearroces.com\/_umacentro\/","name":"Un Mar de Arroces","description":"Arroces y Paella premium a domicilio.","potentialAction":[{"@type":"SearchAction","target":{"@type":"EntryPoint","urlTemplate":"https:\/\/unmardearroces.com\/_umacentro\/?s={search_term_string}"},"query-input":"required name=search_term_string"}],"inLanguage":"es"}]}},"_links":{"self":[{"href":"https:\/\/unmardearroces.com\/_umacentro\/wp-json\/wp\/v2\/pages\/235410"}],"collection":[{"href":"https:\/\/unmardearroces.com\/_umacentro\/wp-json\/wp\/v2\/pages"}],"about":[{"href":"https:\/\/unmardearroces.com\/_umacentro\/wp-json\/wp\/v2\/types\/page"}],"author":[{"embeddable":true,"href":"https:\/\/unmardearroces.com\/_umacentro\/wp-json\/wp\/v2\/users\/1"}],"replies":[{"embeddable":true,"href":"https:\/\/unmardearroces.com\/_umacentro\/wp-json\/wp\/v2\/comments?post=235410"}],"version-history":[{"count":4,"href":"https:\/\/unmardearroces.com\/_umacentro\/wp-json\/wp\/v2\/pages\/235410\/revisions"}],"predecessor-version":[{"id":235415,"href":"https:\/\/unmardearroces.com\/_umacentro\/wp-json\/wp\/v2\/pages\/235410\/revisions\/235415"}],"wp:attachment":[{"href":"https:\/\/unmardearroces.com\/_umacentro\/wp-json\/wp\/v2\/media?parent=235410"}],"curies":[{"name":"wp","href":"https:\/\/api.w.org\/{rel}","templated":true}]}}