{"id":224511,"date":"2020-03-13T15:08:35","date_gmt":"2020-03-13T15:08:35","guid":{"rendered":"http:\/\/unmardearroces.com\/?page_id=224511"},"modified":"2020-03-13T15:32:51","modified_gmt":"2020-03-13T15:32:51","slug":"politica-de-privacidad","status":"publish","type":"page","link":"https:\/\/unmardearroces.com\/_umacentro\/politica-de-privacidad","title":{"rendered":"POL\u00cdTICA DE PRIVACIDAD"},"content":{"rendered":"<p>[et_pb_section fb_built=\u00bb1&#8243; next_background_color=\u00bb#ffffff\u00bb _builder_version=\u00bb4.3.2&#8243; background_color=\u00bb#e7e9e5&#8243; custom_padding=\u00bb6px||0px|||\u00bb bottom_divider_style=\u00bbcurve2&#8243;][et_pb_row _builder_version=\u00bb4.3.2&#8243;][et_pb_column type=\u00bb4_4&#8243; _builder_version=\u00bb4.3.2&#8243;][et_pb_image src=\u00bbhttp:\/\/unmardearroces.com\/wp-content\/uploads\/2020\/03\/LOGO-UN-MAR-DE-ARROCES-ARROCERIA-A-DOMICILIO.png\u00bb align=\u00bbcenter\u00bb _builder_version=\u00bb4.3.2&#8243; width=\u00bb33%\u00bb width_tablet=\u00bb60%\u00bb width_phone=\u00bb70%\u00bb width_last_edited=\u00bbon|desktop\u00bb module_alignment=\u00bbcenter\u00bb][\/et_pb_image][\/et_pb_column][\/et_pb_row][\/et_pb_section][et_pb_section fb_built=\u00bb1&#8243; _builder_version=\u00bb4.3.2&#8243; custom_padding=\u00bb16px|||||\u00bb][et_pb_row _builder_version=\u00bb4.3.2&#8243; width_tablet=\u00bb90%\u00bb width_phone=\u00bb90%\u00bb width_last_edited=\u00bbon|phone\u00bb max_width=\u00bb2560px\u00bb max_width_tablet=\u00bb\u00bb max_width_phone=\u00bb\u00bb max_width_last_edited=\u00bbon|tablet\u00bb custom_padding=\u00bb54px|||||\u00bb][et_pb_column type=\u00bb4_4&#8243; _builder_version=\u00bb4.3.2&#8243;][et_pb_text _builder_version=\u00bb4.3.2&#8243; header_text_align=\u00bbcenter\u00bb header_text_color=\u00bb#307d8d\u00bb header_font_size=\u00bb28px\u00bb header_3_font=\u00bbLato|300|||||||\u00bb hover_enabled=\u00bb0&#8243;]<\/p>\n<div class=\"fusion-title title fusion-title-1 fusion-sep-none fusion-title-text fusion-title-size-one fusion-border-below-title\">\n<h1><strong>POL\u00cdTICA DE PRIVACIDAD<\/strong><\/h1>\n<p><strong><\/strong><\/p>\n<p><strong><\/strong><\/p>\n<p><strong><\/strong><\/p>\n<p><strong><\/strong><\/p>\n<p>Un Mar de Arroces (en adelante, el responsable del tratamiento), asume la m\u00e1xima responsabilidad y compromiso con el establecimiento, implementaci\u00f3n y mantenimiento de la presente Pol\u00edtica de Protecci\u00f3n de Datos, garantizando la mejora continua del responsable del tratamiento con el objetivo de alcanzar la excelencia en relaci\u00f3n con el cumplimiento del Reglamento (UE) 2016\/679 del Parlamento Europeo y del Consejo, de 27 de abril de 2016, relativo a la protecci\u00f3n de las personas f\u00edsicas en lo que respecta al tratamiento de datos personales y a la libre circulaci\u00f3n de estos datos y por el que se deroga la Directiva\u00a095\/46\/CE (Reglamento general de protecci\u00f3n de datos) (DOUE L 119\/1, 04-05-2016), y de la normativa espa\u00f1ola de protecci\u00f3n de datos de car\u00e1cter personal (Ley Org\u00e1nica, legislaci\u00f3n sectorial espec\u00edfica y sus normas de desarrollo).<\/p>\n<p>&nbsp;<\/p>\n<p>La Pol\u00edtica de Protecci\u00f3n de Datos de<span>\u00a0<\/span><strong>UN MAR DE ARROCES<\/strong><span>\u00a0<\/span>descansa en el<span>\u00a0<\/span><u>principio de responsabilidad proactiva<\/u>, seg\u00fan el cual el responsable del tratamiento es responsable del cumplimiento del marco normativo y jurisprudencial que gobierna dicha Pol\u00edtica, y es capaz de demostrarlo ante las autoridades de control competentes.<\/p>\n<p>En tal sentido, el responsable del tratamiento se regir\u00e1 por los siguientes principios que deben servir a todo su personal como gu\u00eda y marco de referencia en el tratamiento de datos personales:<\/p>\n<ol>\n<li><u>Protecci\u00f3n de datos desde el dise\u00f1o:<\/u><span>\u00a0<\/span>el responsable del tratamiento aplicar\u00e1, tanto en el momento de determinar los medios de tratamiento como en el momento del propio tratamiento, medidas t\u00e9cnicas y organizativas apropiadas, como la seudonimizaci\u00f3n, concebidas para aplicar de forma efectiva los principios de protecci\u00f3n de datos, como la minimizaci\u00f3n de datos, e integrar las garant\u00edas necesarias en el tratamiento.<\/li>\n<\/ol>\n<ol start=\"2\">\n<li><u>Protecci\u00f3n de datos por defecto:<\/u><span>\u00a0<\/span>el responsable del tratamiento aplicar\u00e1 las medidas t\u00e9cnicas y organizativas apropiadas con miras a garantizar que, por defecto, solo sean objeto de tratamiento los datos personales que sean necesarios para cada uno de los fines espec\u00edficos del tratamiento.<\/li>\n<\/ol>\n<ol start=\"3\">\n<li><u>Protecci\u00f3n de datos en el ciclo de vida de la informaci\u00f3n:<\/u><span>\u00a0<\/span>las medidas que garanticen la protecci\u00f3n de los datos personales ser\u00e1n aplicables durante el ciclo completo de la vida de la informaci\u00f3n.<\/li>\n<\/ol>\n<ol start=\"4\">\n<li><u>Licitud, lealtad y transparencia:<\/u><span>\u00a0<\/span>los datos personales ser\u00e1n tratados de manera l\u00edcita, leal y transparente en relaci\u00f3n con el interesado.<\/li>\n<\/ol>\n<ol start=\"5\">\n<li><u>Limitaci\u00f3n de la finalidad:<\/u><span>\u00a0<\/span>los datos personales ser\u00e1n recogidos con fines determinados, expl\u00edcitos y leg\u00edtimos, y no ser\u00e1n tratados ulteriormente de manera incompatible con dichos fines.<\/li>\n<\/ol>\n<ol start=\"6\">\n<li><u>Minimizaci\u00f3n de datos:<\/u><span>\u00a0<\/span>los datos personales ser\u00e1n adecuados, pertinentes y limitados a lo necesario en relaci\u00f3n con los fines para los que son tratados.<\/li>\n<\/ol>\n<ol start=\"7\">\n<li><u>Exactitud:<\/u><span>\u00a0<\/span>los datos personales ser\u00e1n exactos y, si fuera necesario, actualizados; se adoptar\u00e1n todas las medidas razonables para que se supriman o rectifiquen sin dilaci\u00f3n los datos personales que sean inexactos con respecto a los fines para los que se tratan.<\/li>\n<\/ol>\n<ol start=\"8\">\n<li><u>Limitaci\u00f3n del plazo de conservaci\u00f3n:<\/u><span>\u00a0<\/span>los datos personales ser\u00e1n mantenidos de forma que se permita la identificaci\u00f3n de los interesados durante no m\u00e1s tiempo del necesario para los fines del tratamiento de los datos personales.<\/li>\n<\/ol>\n<ol start=\"9\">\n<li><u>Integridad y confidencialidad:<\/u><span>\u00a0<\/span>los datos personales ser\u00e1n tratados de tal manera que se garantice una seguridad adecuada de los datos personales, incluida la protecci\u00f3n contra el tratamiento no autorizado o il\u00edcito y contra su p\u00e9rdida, destrucci\u00f3n o da\u00f1o accidental, mediante la aplicaci\u00f3n de medidas t\u00e9cnicas u organizativas apropiadas.<\/li>\n<\/ol>\n<ol start=\"10\">\n<li><u>Informaci\u00f3n y formaci\u00f3n:<\/u><span>\u00a0<\/span>una de las claves para garantizar la protecci\u00f3n de los datos personales es la formaci\u00f3n e informaci\u00f3n que se facilite al personal involucrado en el tratamiento de los mismos. Durante el ciclo de vida de la informaci\u00f3n, todo el personal con acceso a los datos ser\u00e1 convenientemente formado e informado acerca de sus obligaciones en relaci\u00f3n con el cumplimiento de la normativa de protecci\u00f3n de datos.<\/li>\n<\/ol>\n<p>La Pol\u00edtica de Protecci\u00f3n de Datos de<span>\u00a0<\/span><strong>UN MAR DE ARROCES<\/strong><span>\u00a0<\/span>es comunicada a todo el personal del responsable del tratamiento y puesta a disposici\u00f3n de todas las partes interesadas.<\/p>\n<p>En su consecuencia, la presente Pol\u00edtica de Protecci\u00f3n de Datos involucra a todo el personal del responsable del tratamiento, que debe conocerla y asumirla, consider\u00e1ndola como propia, siendo cada miembro responsable de aplicarla y de verificar las normas de protecci\u00f3n de datos aplicables a su actividad, as\u00ed como identificar y aportar las oportunidades de mejora que considere oportunas con el objetivo de alcanzar la excelencia en relaci\u00f3n con su cumplimiento.<\/p>\n<p>Esta Pol\u00edtica ser\u00e1 revisada por la Direcci\u00f3n\u00a0 de<span>\u00a0<\/span><strong>UN MAR DE ARROCES<\/strong>, tantas veces como se considere necesario, para adecuarse, en todo momento, a las disposiciones vigentes en materia de protecci\u00f3n de datos de car\u00e1cter personal.<\/p>\n<p>&nbsp;<\/p>\n<\/div>\n<p>[\/et_pb_text][\/et_pb_column][\/et_pb_row][\/et_pb_section][et_pb_section fb_built=\u00bb1&#8243; _builder_version=\u00bb4.3.2&#8243; background_color=\u00bb#e7e9e5&#8243; custom_padding=\u00bb4px||0px||false|false\u00bb global_module=\u00bb2215&#8243; saved_tabs=\u00bball\u00bb][et_pb_row column_structure=\u00bb1_3,1_3,1_3&#8243; use_custom_gutter=\u00bbon\u00bb _builder_version=\u00bb4.3.2&#8243; width_tablet=\u00bb95%\u00bb width_phone=\u00bb95%\u00bb width_last_edited=\u00bbon|phone\u00bb max_width=\u00bb2560px\u00bb module_alignment=\u00bbcenter\u00bb custom_margin=\u00bb-0.4%|auto|-0.4%|auto|true|false\u00bb][et_pb_column type=\u00bb1_3&#8243; _builder_version=\u00bb4.3.2&#8243;][et_pb_text _builder_version=\u00bb4.3.2&#8243; custom_margin=\u00bb37px|||||\u00bb]<\/p>\n<h3 style=\"text-align: center;\">NUESTROS RESTAURANTES<\/h3>\n<p>[\/et_pb_text][et_pb_text _builder_version=\u00bb4.3.2&#8243; text_line_height=\u00bb1.2em\u00bb custom_margin=\u00bb||0px|||\u00bb]<\/p>\n<p style=\"text-align: center;\"><span>Centro Comercial El Palacio Boadilla,<\/span><\/p>\n<p style=\"text-align: center;\"><span>Ctra. de Majadahonda, n\u00ba 50,\u00a0<\/span><span>Planta 1 Local 32<\/span><\/p>\n<p style=\"text-align: center;\"><span>28660 Boadilla del Monte, Madrid<\/span><\/p>\n<p>[\/et_pb_text][et_pb_text _builder_version=\u00bb4.3.2&#8243; text_line_height=\u00bb1.2em\u00bb module_alignment=\u00bbcenter\u00bb custom_margin=\u00bb||1px|||\u00bb custom_padding=\u00bb25px|||||\u00bb]<\/p>\n<p style=\"text-align: center;\"><span><a href=\"mailto:pedidos@unmardearroces.com\">pedidos@unmardearroces.com<\/a><\/span><\/p>\n<p style=\"text-align: center;\"><span>Telf: 642906916-916326008<\/span><\/p>\n<p style=\"text-align: center;\"><span>Horario Atenci\u00f3n al p\u00fablico:<\/span><\/p>\n<p style=\"text-align: center;\"><span>De Lunes a Domingo de 10:00 a 22:00<\/span><\/p>\n<p>[\/et_pb_text][\/et_pb_column][et_pb_column type=\u00bb1_3&#8243; _builder_version=\u00bb4.3.2&#8243;][et_pb_image src=\u00bbhttp:\/\/unmardearroces.com\/wp-content\/uploads\/2020\/03\/LOGO-UN-MAR-DE-ARROCES-ARROCERIA-A-DOMICILIO-1-1.png\u00bb _builder_version=\u00bb4.3.2&#8243; width=\u00bb50%\u00bb module_alignment=\u00bbcenter\u00bb custom_margin=\u00bb||-1px|||\u00bb custom_padding=\u00bb31px|||||\u00bb][\/et_pb_image][et_pb_text _builder_version=\u00bb4.3.2&#8243; custom_margin=\u00bb-1px||8px|||\u00bb custom_padding=\u00bb17px|||||\u00bb]<\/p>\n<h3 style=\"text-align: center;\">S\u00cdGUENOS<\/h3>\n<p>[\/et_pb_text][et_pb_social_media_follow _builder_version=\u00bb4.3.2&#8243; text_orientation=\u00bbcenter\u00bb][et_pb_social_media_follow_network social_network=\u00bbfacebook\u00bb use_icon_font_size=\u00bbon\u00bb icon_font_size=\u00bb20px\u00bb _builder_version=\u00bb4.3.2&#8243; background_color=\u00bb#307d8d\u00bb background_enable_color=\u00bbon\u00bb background__hover_enabled=\u00bbon|hover\u00bb background_color__hover=\u00bb#e8c547&#8243; background_enable_color__hover=\u00bbon\u00bb follow_button=\u00bboff\u00bb url_new_window=\u00bbon\u00bb]facebook[\/et_pb_social_media_follow_network][et_pb_social_media_follow_network social_network=\u00bbinstagram\u00bb use_icon_font_size=\u00bbon\u00bb icon_font_size=\u00bb20px\u00bb _builder_version=\u00bb4.3.2&#8243; background_color=\u00bb#307d8d\u00bb background_enable_color=\u00bbon\u00bb background__hover_enabled=\u00bbon|hover\u00bb background_color__hover=\u00bb#e8c547&#8243; background_enable_color__hover=\u00bbon\u00bb follow_button=\u00bboff\u00bb url_new_window=\u00bbon\u00bb]instagram[\/et_pb_social_media_follow_network][\/et_pb_social_media_follow][\/et_pb_column][et_pb_column type=\u00bb1_3&#8243; _builder_version=\u00bb4.3.2&#8243;][et_pb_text _builder_version=\u00bb4.3.2&#8243; custom_margin=\u00bb37px|||||\u00bb]<\/p>\n<h3 style=\"text-align: center;\">AVISOS LEGALES<\/h3>\n<p>[\/et_pb_text][et_pb_text _builder_version=\u00bb4.3.2&#8243; text_line_height=\u00bb1.2em\u00bb hover_enabled=\u00bb0&#8243;]<\/p>\n<p style=\"text-align: center;\"><a href=\"http:\/\/unmardearroces.com\/terminos-y-condiciones\" target=\"_blank\" rel=\"noopener noreferrer\">T\u00e9rminos y Condiciones<\/a><\/p>\n<p style=\"text-align: center;\"><a href=\"http:\/\/unmardearroces.com\/preguntas-frecuentes\" target=\"_blank\" rel=\"noopener noreferrer\">Preguntas Frecuentes<\/a><\/p>\n<p style=\"text-align: center;\"><a href=\"http:\/\/unmardearroces.com\/politica-de-envio-y-reclamaciones\" target=\"_blank\" rel=\"noopener noreferrer\">Pol\u00edtica de Env\u00edo y Reclamaciones<\/a><\/p>\n<p style=\"text-align: center;\"><a href=\"http:\/\/unmardearroces.com\/aviso-legal\" target=\"_blank\" rel=\"noopener noreferrer\">Aviso Legal<\/a><\/p>\n<p>[\/et_pb_text][\/et_pb_column][\/et_pb_row][\/et_pb_section]<\/p>\n","protected":false},"excerpt":{"rendered":"<p>POL\u00cdTICA DE PRIVACIDAD Un Mar de Arroces (en adelante, el responsable del tratamiento), asume la m\u00e1xima responsabilidad y compromiso con el establecimiento, implementaci\u00f3n y mantenimiento de la presente Pol\u00edtica de Protecci\u00f3n de Datos, garantizando la mejora continua del responsable del tratamiento con el objetivo de alcanzar la excelencia en relaci\u00f3n con el cumplimiento del Reglamento [&hellip;]<\/p>\n","protected":false},"author":1,"featured_media":0,"parent":0,"menu_order":0,"comment_status":"closed","ping_status":"closed","template":"page-template-blank.php","meta":{"_et_pb_use_builder":"on","_et_pb_old_content":"","_et_gb_content_width":"","footnotes":""},"acf":[],"yoast_head":"<!-- This site is optimized with the Yoast SEO plugin v21.2 - https:\/\/yoast.com\/wordpress\/plugins\/seo\/ -->\n<title>POL\u00cdTICA DE PRIVACIDAD Un Mar de Arroces<\/title>\n<meta name=\"robots\" content=\"index, follow, max-snippet:-1, max-image-preview:large, max-video-preview:-1\" \/>\n<link rel=\"canonical\" href=\"https:\/\/unmardearroces.com\/_umacentro\/politica-de-privacidad\" \/>\n<meta property=\"og:locale\" content=\"es_ES\" \/>\n<meta property=\"og:type\" content=\"article\" \/>\n<meta property=\"og:title\" content=\"POL\u00cdTICA DE PRIVACIDAD Un Mar de Arroces\" \/>\n<meta property=\"og:url\" content=\"https:\/\/unmardearroces.com\/_umacentro\/politica-de-privacidad\" \/>\n<meta property=\"og:site_name\" content=\"Un Mar de Arroces\" \/>\n<meta property=\"article:publisher\" content=\"https:\/\/www.facebook.com\/unmardearroces\" \/>\n<meta property=\"article:modified_time\" content=\"2020-03-13T15:32:51+00:00\" \/>\n<meta property=\"og:image\" content=\"https:\/\/unmardearroces.com\/_umacentro\/wp-content\/uploads\/2020\/03\/LOGO-UN-MAR-DE-ARROCES-ARROCERIA-A-DOMICILIO-1-1.png\" \/>\n\t<meta property=\"og:image:width\" content=\"512\" \/>\n\t<meta property=\"og:image:height\" content=\"512\" \/>\n\t<meta property=\"og:image:type\" content=\"image\/png\" \/>\n<meta name=\"twitter:card\" content=\"summary_large_image\" \/>\n<meta name=\"twitter:site\" content=\"@unmardearroces\" \/>\n<meta name=\"twitter:label1\" content=\"Tiempo de lectura\" \/>\n\t<meta name=\"twitter:data1\" content=\"7 minutos\" \/>\n<script type=\"application\/ld+json\" class=\"yoast-schema-graph\">{\"@context\":\"https:\/\/schema.org\",\"@graph\":[{\"@type\":\"WebPage\",\"@id\":\"https:\/\/unmardearroces.com\/_umacentro\/politica-de-privacidad\",\"url\":\"https:\/\/unmardearroces.com\/_umacentro\/politica-de-privacidad\",\"name\":\"POL\u00cdTICA DE PRIVACIDAD Un Mar de Arroces\",\"isPartOf\":{\"@id\":\"https:\/\/unmardearroces.com\/_umacentro\/#website\"},\"datePublished\":\"2020-03-13T15:08:35+00:00\",\"dateModified\":\"2020-03-13T15:32:51+00:00\",\"breadcrumb\":{\"@id\":\"https:\/\/unmardearroces.com\/_umacentro\/politica-de-privacidad#breadcrumb\"},\"inLanguage\":\"es\",\"potentialAction\":[{\"@type\":\"ReadAction\",\"target\":[\"https:\/\/unmardearroces.com\/_umacentro\/politica-de-privacidad\"]}]},{\"@type\":\"BreadcrumbList\",\"@id\":\"https:\/\/unmardearroces.com\/_umacentro\/politica-de-privacidad#breadcrumb\",\"itemListElement\":[{\"@type\":\"ListItem\",\"position\":1,\"name\":\"Portada\",\"item\":\"https:\/\/unmardearroces.com\/_umacentro\/\"},{\"@type\":\"ListItem\",\"position\":2,\"name\":\"POL\u00cdTICA DE PRIVACIDAD\"}]},{\"@type\":\"WebSite\",\"@id\":\"https:\/\/unmardearroces.com\/_umacentro\/#website\",\"url\":\"https:\/\/unmardearroces.com\/_umacentro\/\",\"name\":\"Un Mar de Arroces\",\"description\":\"Arroces y Paella premium a domicilio.\",\"potentialAction\":[{\"@type\":\"SearchAction\",\"target\":{\"@type\":\"EntryPoint\",\"urlTemplate\":\"https:\/\/unmardearroces.com\/_umacentro\/?s={search_term_string}\"},\"query-input\":\"required name=search_term_string\"}],\"inLanguage\":\"es\"}]}<\/script>\n<!-- \/ Yoast SEO plugin. -->","yoast_head_json":{"title":"POL\u00cdTICA DE PRIVACIDAD Un Mar de Arroces","robots":{"index":"index","follow":"follow","max-snippet":"max-snippet:-1","max-image-preview":"max-image-preview:large","max-video-preview":"max-video-preview:-1"},"canonical":"https:\/\/unmardearroces.com\/_umacentro\/politica-de-privacidad","og_locale":"es_ES","og_type":"article","og_title":"POL\u00cdTICA DE PRIVACIDAD Un Mar de Arroces","og_url":"https:\/\/unmardearroces.com\/_umacentro\/politica-de-privacidad","og_site_name":"Un Mar de Arroces","article_publisher":"https:\/\/www.facebook.com\/unmardearroces","article_modified_time":"2020-03-13T15:32:51+00:00","og_image":[{"width":512,"height":512,"url":"https:\/\/unmardearroces.com\/_umacentro\/wp-content\/uploads\/2020\/03\/LOGO-UN-MAR-DE-ARROCES-ARROCERIA-A-DOMICILIO-1-1.png","type":"image\/png"}],"twitter_card":"summary_large_image","twitter_site":"@unmardearroces","twitter_misc":{"Tiempo de lectura":"7 minutos"},"schema":{"@context":"https:\/\/schema.org","@graph":[{"@type":"WebPage","@id":"https:\/\/unmardearroces.com\/_umacentro\/politica-de-privacidad","url":"https:\/\/unmardearroces.com\/_umacentro\/politica-de-privacidad","name":"POL\u00cdTICA DE PRIVACIDAD Un Mar de Arroces","isPartOf":{"@id":"https:\/\/unmardearroces.com\/_umacentro\/#website"},"datePublished":"2020-03-13T15:08:35+00:00","dateModified":"2020-03-13T15:32:51+00:00","breadcrumb":{"@id":"https:\/\/unmardearroces.com\/_umacentro\/politica-de-privacidad#breadcrumb"},"inLanguage":"es","potentialAction":[{"@type":"ReadAction","target":["https:\/\/unmardearroces.com\/_umacentro\/politica-de-privacidad"]}]},{"@type":"BreadcrumbList","@id":"https:\/\/unmardearroces.com\/_umacentro\/politica-de-privacidad#breadcrumb","itemListElement":[{"@type":"ListItem","position":1,"name":"Portada","item":"https:\/\/unmardearroces.com\/_umacentro\/"},{"@type":"ListItem","position":2,"name":"POL\u00cdTICA DE PRIVACIDAD"}]},{"@type":"WebSite","@id":"https:\/\/unmardearroces.com\/_umacentro\/#website","url":"https:\/\/unmardearroces.com\/_umacentro\/","name":"Un Mar de Arroces","description":"Arroces y Paella premium a domicilio.","potentialAction":[{"@type":"SearchAction","target":{"@type":"EntryPoint","urlTemplate":"https:\/\/unmardearroces.com\/_umacentro\/?s={search_term_string}"},"query-input":"required name=search_term_string"}],"inLanguage":"es"}]}},"_links":{"self":[{"href":"https:\/\/unmardearroces.com\/_umacentro\/wp-json\/wp\/v2\/pages\/224511"}],"collection":[{"href":"https:\/\/unmardearroces.com\/_umacentro\/wp-json\/wp\/v2\/pages"}],"about":[{"href":"https:\/\/unmardearroces.com\/_umacentro\/wp-json\/wp\/v2\/types\/page"}],"author":[{"embeddable":true,"href":"https:\/\/unmardearroces.com\/_umacentro\/wp-json\/wp\/v2\/users\/1"}],"replies":[{"embeddable":true,"href":"https:\/\/unmardearroces.com\/_umacentro\/wp-json\/wp\/v2\/comments?post=224511"}],"version-history":[{"count":5,"href":"https:\/\/unmardearroces.com\/_umacentro\/wp-json\/wp\/v2\/pages\/224511\/revisions"}],"predecessor-version":[{"id":224520,"href":"https:\/\/unmardearroces.com\/_umacentro\/wp-json\/wp\/v2\/pages\/224511\/revisions\/224520"}],"wp:attachment":[{"href":"https:\/\/unmardearroces.com\/_umacentro\/wp-json\/wp\/v2\/media?parent=224511"}],"curies":[{"name":"wp","href":"https:\/\/api.w.org\/{rel}","templated":true}]}}