{"id":224496,"date":"2020-03-13T12:54:15","date_gmt":"2020-03-13T12:54:15","guid":{"rendered":"http:\/\/unmardearroces.com\/?page_id=224496"},"modified":"2020-03-13T13:02:35","modified_gmt":"2020-03-13T13:02:35","slug":"politica-de-cookies","status":"publish","type":"page","link":"https:\/\/unmardearroces.com\/_umacentro\/politica-de-cookies","title":{"rendered":"POL\u00cdTICA DE COOKIES"},"content":{"rendered":"<p>[et_pb_section fb_built=\u00bb1&#8243; next_background_color=\u00bb#ffffff\u00bb _builder_version=\u00bb4.3.2&#8243; background_color=\u00bb#e7e9e5&#8243; custom_padding=\u00bb6px||0px|||\u00bb bottom_divider_style=\u00bbcurve2&#8243;][et_pb_row _builder_version=\u00bb4.3.2&#8243;][et_pb_column type=\u00bb4_4&#8243; _builder_version=\u00bb4.3.2&#8243;][et_pb_image src=\u00bbhttp:\/\/unmardearroces.com\/wp-content\/uploads\/2020\/03\/LOGO-UN-MAR-DE-ARROCES-ARROCERIA-A-DOMICILIO.png\u00bb align=\u00bbcenter\u00bb _builder_version=\u00bb4.3.2&#8243; width=\u00bb33%\u00bb width_tablet=\u00bb60%\u00bb width_phone=\u00bb70%\u00bb width_last_edited=\u00bbon|desktop\u00bb module_alignment=\u00bbcenter\u00bb][\/et_pb_image][\/et_pb_column][\/et_pb_row][\/et_pb_section][et_pb_section fb_built=\u00bb1&#8243; _builder_version=\u00bb4.3.2&#8243; custom_padding=\u00bb16px|||||\u00bb][et_pb_row _builder_version=\u00bb4.3.2&#8243; width_tablet=\u00bb90%\u00bb width_phone=\u00bb90%\u00bb width_last_edited=\u00bbon|phone\u00bb max_width=\u00bb2560px\u00bb max_width_tablet=\u00bb\u00bb max_width_phone=\u00bb\u00bb max_width_last_edited=\u00bbon|tablet\u00bb][et_pb_column type=\u00bb4_4&#8243; _builder_version=\u00bb4.3.2&#8243;][et_pb_text _builder_version=\u00bb4.3.2&#8243; header_text_align=\u00bbcenter\u00bb header_text_color=\u00bb#307d8d\u00bb header_font_size=\u00bb28px\u00bb header_3_font=\u00bbLato|300|||||||\u00bb hover_enabled=\u00bb0&#8243;]<\/p>\n<div class=\"fusion-title title fusion-title-1 fusion-sep-none fusion-title-text fusion-title-size-one fusion-border-below-title\">\n<div class=\"container\">\n<div class=\"row\">\n<div class=\"col-md-12 a-center\">\n<h1 class=\"breadcrumb clearfix\"><strong><span class=\"navigation_page\">POL\u00cdTICA DE COOKIES<\/span><\/strong><\/h1>\n<p>&nbsp;<\/p>\n<\/div>\n<\/div>\n<\/div>\n<div class=\"columns-container\">\n<div id=\"top-column-container\">\n<div id=\"top_column\" class=\"center_column\"><\/div>\n<div id=\"columns\" class=\"container\">\n<div class=\"inside\">\n<div id=\"center_column\" class=\"center_column col-xs-12 col-sm-12\">\n<div class=\"rte wow zoomIn animated\">\n<h3>Uso de cookies y ficheros de actualidad<\/h3>\n<p>En este sitio web utilizamos cookies para facilitar la relaci\u00f3n de los visitantes con nuestro contenido y para permitir elaborar estad\u00edsticas sobre las visitantes que recibimos y el uso que hacen del sitio web. En cumplimiento de la Directiva 2009\/136\/CE, desarrollada en nuestro ordenamiento por el apartado segundo del art\u00edculo 22 de la Ley de Servicios de Sociedad de la Informaci\u00f3n, siguiendo las directrices de la Agencia Espa\u00f1ola de Protecci\u00f3n de Datos, procedemos a informarle detalladamente del uso que se realiza en nuestra web.<\/p>\n<p>&nbsp;<\/p>\n<h3>\u00bfQu\u00e9 son las cookies?<\/h3>\n<p>Se denominan cookies a unos peque\u00f1os archivos que se graban en el navegador utilizado por cada visitante de nuestra web para que el servidor pueda recordar la visita de ese usuario con posterioridad cuando vuelva a acceder a nuestros contenidos. Las cookies permiten a una p\u00e1gina web, entre otras cosas, almacenar y recuperar informaci\u00f3n sobre los h\u00e1bitos de navegaci\u00f3n de un usuario o de su equipo y, dependiendo de la informaci\u00f3n que contengan y de la forma en que utilice su equipo, pueden utilizarse para reconocer al usuario. Normalmente, ya que no siempre es as\u00ed, el navegador del usuario memoriza cookies en el disco duro solamente durante la sesi\u00f3n actual ocupando un espacio de memoria m\u00ednimo y no perjudicando al ordenador. Las cookies no contienen ninguna clase de informaci\u00f3n personal espec\u00edfica, y la mayor\u00eda de las mismas se borran del disco duro al finalizar la sesi\u00f3n de navegador (las denominadas cookies de sesi\u00f3n). Esta informaci\u00f3n no revela su identidad, ni dato personal alguno, ni accede al contenido almacenado en su dispositivo, pero s\u00ed que permite a nuestro sistema identificarle a usted como un usuario determinado que ya visit\u00f3 la web con anterioridad, visualiz\u00f3 determinadas p\u00e1ginas, etc. y adem\u00e1s permite guardar sus preferencias personales e informaci\u00f3n t\u00e9cnica como por ejemplo las visitas realizadas o p\u00e1ginas concretas que visite. Las cookies no suelen almacenar informaci\u00f3n sensible sobre usted, como tarjetas de cr\u00e9dito o datos bancarios, fotograf\u00edas, DNI o informaci\u00f3n personal. Los datos que guardan son de car\u00e1cter t\u00e9cnico, preferencias personales, personalizaci\u00f3n de contenidos, etc. El servidor web no le asocia a usted como persona si no a su navegador web. De hecho, si usted navega habitualmente con Internet Explorer y prueba a navegar por la misma web con Firefox o Chrome ver\u00e1 que la web no se da cuenta que es usted la misma persona, porque en realidad est\u00e1 asociando al navegador, no a la persona.<\/p>\n<p>&nbsp;<\/p>\n<h3>\u00bfQu\u00e9 tipos de cookies existen?<\/h3>\n<p>Cookies t\u00e9cnicas: Son las m\u00e1s elementales y estrictamente necesarias para el uso del sitio Web. Son aqu\u00e9llas que permiten al usuario la navegaci\u00f3n a trav\u00e9s de una p\u00e1gina web y la utilizaci\u00f3n de las diferentes opciones o servicios que en ella existan, como por ejemplo: Identificar la sesi\u00f3n, acceder a partes de acceso restringido, realizar el proceso de compra de un pedido, compartir contenidos a trav\u00e9s de redes sociales, etc.<\/p>\n<p>Cookies de an\u00e1lisis: Son aquellas que, bien tratadas por nosotros o por terceros, recogen informaci\u00f3n sobre el tipo de navegaci\u00f3n que est\u00e1 realizando, las categor\u00edas que m\u00e1s se visualizan, idioma, etc. y as\u00ed realizar la medici\u00f3n y an\u00e1lisis estad\u00edstico de la utilizaci\u00f3n que hacen los usuarios del Sitio Web.<\/p>\n<p>Cookies de personalizaci\u00f3n: Son aqu\u00e9llas que permiten al usuario acceder al servicio con algunas caracter\u00edsticas de car\u00e1cter general predefinidas en funci\u00f3n de una serie de criterios en el terminal del usuario como por ejemplo ser\u00edan el idioma, el tipo de navegador a trav\u00e9s del cual accede al servicio, la configuraci\u00f3n regional desde donde accede al servicio, etc.<\/p>\n<p>Cookies publicitarias y publicidad comportamental: Son aqu\u00e9llas que, bien tratadas por nosotros o por terceros, permiten gestionar de la forma m\u00e1s eficaz posible la oferta de los espacios publicitarios que hay en la p\u00e1gina web, adecuando el contenido del anuncio al contenido del servicio solicitado o al uso que se realice de la p\u00e1gina web. Para ello podemos analizar sus h\u00e1bitos de navegaci\u00f3n en Internet y podemos mostrarle publicidad relacionada con su perfil de navegaci\u00f3n. Estas cookies almacenan informaci\u00f3n del comportamiento de los usuarios obtenida a trav\u00e9s de la observaci\u00f3n continuada de sus h\u00e1bitos de navegaci\u00f3n, lo que permite desarrollar un perfil espec\u00edfico para mostrar publicidad en funci\u00f3n del mismo.<\/p>\n<p>&nbsp;<\/p>\n<h3>\u00bfQue son las cookies propias y\/o de terceros?<\/h3>\n<p>Cookies Propias: Son las generadas por la p\u00e1gina que est\u00e1 visitando<\/p>\n<p>Cookies de Terceros: Son las generadas por servicios o proveedores externos al sitio web, como por ejemplo: Facebook, Twitter, Google, Yahoo, etc.<\/p>\n<p>&nbsp;<\/p>\n<h3>\u00bfQu\u00e9 cookies usa este sitio web?<\/h3>\n<p>Actualmente, las cookies utilizadas por el sitio web se asocian \u00fanicamente con un usuario an\u00f3nimo y su ordenador, y no proporcionan por s\u00ed mismas datos personales del usuario.. Son cookies de terceros. No identifican al usuario y recogen \u00fanicamente informaci\u00f3n de la navegaci\u00f3n por el sitio web de forma an\u00f3nima, as\u00ed pues Las cookies utilizadas en este sitio web tienen, en todo caso, car\u00e1cter temporal y en ning\u00fan caso se utilizar\u00e1n para recoger informaci\u00f3n de car\u00e1cter personal.<\/p>\n<p>En nuestro Sitio Web tambi\u00e9n utilizamos un conjunto de cookies denominadas \u201cutma\u201d ,utmb y \u201cutmz\u201d para recopilar informaci\u00f3n de forma an\u00f3nima y elaborar informes de tendencias del Sitio Web sin identificar a usuarios individuales.<\/p>\n<p>&nbsp;<\/p>\n<h3>Google Analytics<\/h3>\n<p>Este sitio web utiliza Google Analytics, un servicio anal\u00edtico de web prestado por Google, Inc., una compa\u00f1\u00eda de Delaware cuya oficina principal est\u00e1 en 1600 Amphitheatre Parkway, Mountain View (California), CA 94043, Estados Unidos (\u201cGoogle\u201d). Google Analytics utiliza \u201ccookies\u201d, que son archivos de texto ubicados en su ordenador, para ayudar al website a analizar el uso que hacen los usuarios del sitio web. La informaci\u00f3n que genera la cookie acerca de su uso del website (incluyendo su direcci\u00f3n IP) ser\u00e1 directamente transmitida y archivada por Google en los servidores de Estados Unidos. Google usar\u00e1 esta informaci\u00f3n por cuenta nuestra con el prop\u00f3sito de seguir la pista de su uso del website, recopilando informes de la actividad del website y prestando otros servicios relacionados con la actividad del website y el uso de Internet. Google podr\u00e1 transmitir dicha informaci\u00f3n a terceros cuando as\u00ed se lo requiera la legislaci\u00f3n, o cuando dichos terceros procesen la informaci\u00f3n por cuenta de Google. Google no asociar\u00e1 su direcci\u00f3n IP con ning\u00fan otro dato del que disponga Google. Puede Usted rechazar el tratamiento de los datos o la informaci\u00f3n rechazando el uso de cookies mediante la selecci\u00f3n de la configuraci\u00f3n apropiada de su navegador, sin embargo, debe Usted saber que si lo hace puede ser que no pueda usar la plena funcionabilidad de este website.<\/p>\n<p>Se incluye a continuaci\u00f3n el enlace al sitio web de Google donde puede consultar la descripci\u00f3n del tipo de cookies que utiliza Google Analitycs y su periodo de expiraci\u00f3n:<span>\u00a0<\/span><a href=\"https:\/\/developers.google.com\/analytics\/devguides\/collection\/analyticsjs\/cookie-usage?hl=es\">aqu\u00ed<\/a><\/p>\n<p>Al utilizar este website Usted consiente el tratamiento de informaci\u00f3n acerca de Usted por Google en la forma y para los fines arriba indicados.<\/p>\n<p>&nbsp;<\/p>\n<h3>No quiero que se intalen cookies en mi navegador, \u00bfQu\u00e9\u00a0debo hacer?<\/h3>\n<p>Si usted no desea que se guarden cookies en su navegador o prefiere recibir una informaci\u00f3n cada vez que una cookie solicite instalarse, puede configurar las opciones adecuadas en el Navegador que utilice para que se haga de esa forma. La mayor parte de los navegadores permiten la gesti\u00f3n de las cookies de 3 formas diferentes:<\/p>\n<p>Las cookies son siempre rechazadas.<\/p>\n<p>El navegador pregunta si el usuario desea instalar cada cookie.<\/p>\n<p>Las cookies son siempre aceptadas.<\/p>\n<p>Su navegador tambi\u00e9n puede incluir la posibilidad de seleccionar con detalle las cookies que desea que se instalen en su ordenador. En concreto, el usuario puede normalmente aceptar alguna de las siguientes opciones:<\/p>\n<p>Rechazar las cookies de determinados dominios.<\/p>\n<p>Rechazar las cookies de terceros.<\/p>\n<p>Aceptar cookies como no persistentes (se eliminan cuando el navegador se cierra).<\/p>\n<p>Permitir al servidor crear cookies para un dominio diferente.<\/p>\n<p>Puede encontrar informaci\u00f3n sobre c\u00f3mo configurar los navegadores m\u00e1s usados en las siguientes direcciones:<span>\u00a0<\/span><a href=\"http:\/\/support.google.com\/chrome\/bin\/answer.py?hl=es&amp;answer=95647\">Google Chrome,<span>\u00a0<\/span><\/a><a href=\"http:\/\/windows.microsoft.com\/es-es\/internet-explorer\/ie-security-privacy-settings#ie=ie-11\">Internet Explorer,<span>\u00a0<\/span><\/a><a href=\"http:\/\/support.mozilla.org\/es\/kb\/habilitar-y-deshabilitar-cookies-que-los-sitios-we\">Mozilla Firefox,<span>\u00a0<\/span><\/a><a href=\"http:\/\/support.apple.com\/kb\/PH17191?viewlocale=es_ES&amp;locale=es_ES\">Safari<\/a><\/p>\n<p><strong>\u00a0<\/strong><\/p>\n<h3>Cambio en la pol\u00edtica de cookies<\/h3>\n<p>Es posible que la Pol\u00edtica de Cookies de este Sitio Web sufra actualizaciones y modificaciones, por ello le recomendamos revisar esta pol\u00edtica cada vez que acceda a nuestro Sitio Web con el objetivo de estar adecuadamente informado sobre c\u00f3mo y para qu\u00e9 usamos las cookies.<\/p>\n<\/div>\n<\/div>\n<\/div>\n<\/div>\n<\/div>\n<\/div>\n<\/div>\n<p>[\/et_pb_text][\/et_pb_column][\/et_pb_row][\/et_pb_section][et_pb_section fb_built=\u00bb1&#8243; _builder_version=\u00bb4.3.2&#8243; background_color=\u00bb#e7e9e5&#8243; custom_padding=\u00bb4px||0px||false|false\u00bb global_module=\u00bb2215&#8243; saved_tabs=\u00bball\u00bb][et_pb_row column_structure=\u00bb1_3,1_3,1_3&#8243; use_custom_gutter=\u00bbon\u00bb _builder_version=\u00bb4.3.2&#8243; width_tablet=\u00bb95%\u00bb width_phone=\u00bb95%\u00bb width_last_edited=\u00bbon|phone\u00bb max_width=\u00bb2560px\u00bb module_alignment=\u00bbcenter\u00bb custom_margin=\u00bb-0.4%|auto|-0.4%|auto|true|false\u00bb][et_pb_column type=\u00bb1_3&#8243; _builder_version=\u00bb4.3.2&#8243;][et_pb_text _builder_version=\u00bb4.3.2&#8243; custom_margin=\u00bb37px|||||\u00bb]<\/p>\n<h3 style=\"text-align: center;\">NUESTROS RESTAURANTES<\/h3>\n<p>[\/et_pb_text][et_pb_text _builder_version=\u00bb4.3.2&#8243; text_line_height=\u00bb1.2em\u00bb custom_margin=\u00bb||0px|||\u00bb]<\/p>\n<p style=\"text-align: center;\"><span>Centro Comercial El Palacio Boadilla,<\/span><\/p>\n<p style=\"text-align: center;\"><span>Ctra. de Majadahonda, n\u00ba 50,\u00a0<\/span><span>Planta 1 Local 32<\/span><\/p>\n<p style=\"text-align: center;\"><span>28660 Boadilla del Monte, Madrid<\/span><\/p>\n<p>[\/et_pb_text][et_pb_text _builder_version=\u00bb4.3.2&#8243; text_line_height=\u00bb1.2em\u00bb module_alignment=\u00bbcenter\u00bb custom_margin=\u00bb||1px|||\u00bb custom_padding=\u00bb25px|||||\u00bb]<\/p>\n<p style=\"text-align: center;\"><span><a href=\"mailto:pedidos@unmardearroces.com\">pedidos@unmardearroces.com<\/a><\/span><\/p>\n<p style=\"text-align: center;\"><span>Telf: 642906916-916326008<\/span><\/p>\n<p style=\"text-align: center;\"><span>Horario Atenci\u00f3n al p\u00fablico:<\/span><\/p>\n<p style=\"text-align: center;\"><span>De Lunes a Domingo de 10:00 a 22:00<\/span><\/p>\n<p>[\/et_pb_text][\/et_pb_column][et_pb_column type=\u00bb1_3&#8243; _builder_version=\u00bb4.3.2&#8243;][et_pb_image src=\u00bbhttp:\/\/unmardearroces.com\/wp-content\/uploads\/2020\/03\/LOGO-UN-MAR-DE-ARROCES-ARROCERIA-A-DOMICILIO-1-1.png\u00bb _builder_version=\u00bb4.3.2&#8243; width=\u00bb50%\u00bb module_alignment=\u00bbcenter\u00bb custom_margin=\u00bb||-1px|||\u00bb custom_padding=\u00bb31px|||||\u00bb][\/et_pb_image][et_pb_text _builder_version=\u00bb4.3.2&#8243; custom_margin=\u00bb-1px||8px|||\u00bb custom_padding=\u00bb17px|||||\u00bb]<\/p>\n<h3 style=\"text-align: center;\">S\u00cdGUENOS<\/h3>\n<p>[\/et_pb_text][et_pb_social_media_follow _builder_version=\u00bb4.3.2&#8243; text_orientation=\u00bbcenter\u00bb][et_pb_social_media_follow_network social_network=\u00bbfacebook\u00bb use_icon_font_size=\u00bbon\u00bb icon_font_size=\u00bb20px\u00bb _builder_version=\u00bb4.3.2&#8243; background_color=\u00bb#307d8d\u00bb background_enable_color=\u00bbon\u00bb background__hover_enabled=\u00bbon|hover\u00bb background_color__hover=\u00bb#e8c547&#8243; background_enable_color__hover=\u00bbon\u00bb follow_button=\u00bboff\u00bb url_new_window=\u00bbon\u00bb]facebook[\/et_pb_social_media_follow_network][et_pb_social_media_follow_network social_network=\u00bbinstagram\u00bb use_icon_font_size=\u00bbon\u00bb icon_font_size=\u00bb20px\u00bb _builder_version=\u00bb4.3.2&#8243; background_color=\u00bb#307d8d\u00bb background_enable_color=\u00bbon\u00bb background__hover_enabled=\u00bbon|hover\u00bb background_color__hover=\u00bb#e8c547&#8243; background_enable_color__hover=\u00bbon\u00bb follow_button=\u00bboff\u00bb url_new_window=\u00bbon\u00bb]instagram[\/et_pb_social_media_follow_network][\/et_pb_social_media_follow][\/et_pb_column][et_pb_column type=\u00bb1_3&#8243; _builder_version=\u00bb4.3.2&#8243;][et_pb_text _builder_version=\u00bb4.3.2&#8243; custom_margin=\u00bb37px|||||\u00bb]<\/p>\n<h3 style=\"text-align: center;\">AVISOS LEGALES<\/h3>\n<p>[\/et_pb_text][et_pb_text _builder_version=\u00bb4.3.2&#8243; text_line_height=\u00bb1.2em\u00bb]<\/p>\n<p style=\"text-align: center;\"><a href=\"http:\/\/unmardearroces.com\/terminos-y-condiciones\" target=\"_blank\" rel=\"noopener noreferrer\">T\u00e9rminos y Condiciones<\/a><\/p>\n<p style=\"text-align: center;\"><a href=\"http:\/\/unmardearroces.com\/preguntas-frecuentes\" target=\"_blank\" rel=\"noopener noreferrer\">Preguntas Frecuentes<\/a><\/p>\n<p style=\"text-align: center;\"><a href=\"http:\/\/unmardearroces.com\/politica-de-envio-y-reclamaciones\" target=\"_blank\" rel=\"noopener noreferrer\">Pol\u00edtica de Env\u00edo y Reclamaciones<\/a><\/p>\n<p style=\"text-align: center;\"><a href=\"http:\/\/unmardearroces.com\/aviso-legal\" target=\"_blank\" rel=\"noopener noreferrer\">Aviso Legal<\/a><\/p>\n<p style=\"text-align: center;\">Pol\u00edtica de Cookies<\/p>\n<p>[\/et_pb_text][\/et_pb_column][\/et_pb_row][\/et_pb_section]<\/p>\n","protected":false},"excerpt":{"rendered":"<p>POL\u00cdTICA DE COOKIES &nbsp; Uso de cookies y ficheros de actualidad En este sitio web utilizamos cookies para facilitar la relaci\u00f3n de los visitantes con nuestro contenido y para permitir elaborar estad\u00edsticas sobre las visitantes que recibimos y el uso que hacen del sitio web. En cumplimiento de la Directiva 2009\/136\/CE, desarrollada en nuestro ordenamiento [&hellip;]<\/p>\n","protected":false},"author":1,"featured_media":0,"parent":0,"menu_order":0,"comment_status":"closed","ping_status":"closed","template":"page-template-blank.php","meta":{"_et_pb_use_builder":"on","_et_pb_old_content":"","_et_gb_content_width":"","footnotes":""},"acf":[],"yoast_head":"<!-- This site is optimized with the Yoast SEO plugin v21.2 - https:\/\/yoast.com\/wordpress\/plugins\/seo\/ -->\n<title>POL\u00cdTICA DE COOKIES Un Mar de Arroces<\/title>\n<meta name=\"robots\" content=\"index, follow, max-snippet:-1, max-image-preview:large, max-video-preview:-1\" \/>\n<link rel=\"canonical\" href=\"https:\/\/unmardearroces.com\/_umacentro\/politica-de-cookies\" \/>\n<meta property=\"og:locale\" content=\"es_ES\" \/>\n<meta property=\"og:type\" content=\"article\" \/>\n<meta property=\"og:title\" content=\"POL\u00cdTICA DE COOKIES Un Mar de Arroces\" \/>\n<meta property=\"og:url\" content=\"https:\/\/unmardearroces.com\/_umacentro\/politica-de-cookies\" \/>\n<meta property=\"og:site_name\" content=\"Un Mar de Arroces\" \/>\n<meta property=\"article:publisher\" content=\"https:\/\/www.facebook.com\/unmardearroces\" \/>\n<meta property=\"article:modified_time\" content=\"2020-03-13T13:02:35+00:00\" \/>\n<meta property=\"og:image\" content=\"https:\/\/unmardearroces.com\/_umacentro\/wp-content\/uploads\/2020\/03\/LOGO-UN-MAR-DE-ARROCES-ARROCERIA-A-DOMICILIO-1-1.png\" \/>\n\t<meta property=\"og:image:width\" content=\"512\" \/>\n\t<meta property=\"og:image:height\" content=\"512\" \/>\n\t<meta property=\"og:image:type\" content=\"image\/png\" \/>\n<meta name=\"twitter:card\" content=\"summary_large_image\" \/>\n<meta name=\"twitter:site\" content=\"@unmardearroces\" \/>\n<meta name=\"twitter:label1\" content=\"Tiempo de lectura\" \/>\n\t<meta name=\"twitter:data1\" content=\"10 minutos\" \/>\n<script type=\"application\/ld+json\" class=\"yoast-schema-graph\">{\"@context\":\"https:\/\/schema.org\",\"@graph\":[{\"@type\":\"WebPage\",\"@id\":\"https:\/\/unmardearroces.com\/_umacentro\/politica-de-cookies\",\"url\":\"https:\/\/unmardearroces.com\/_umacentro\/politica-de-cookies\",\"name\":\"POL\u00cdTICA DE COOKIES Un Mar de Arroces\",\"isPartOf\":{\"@id\":\"https:\/\/unmardearroces.com\/_umacentro\/#website\"},\"datePublished\":\"2020-03-13T12:54:15+00:00\",\"dateModified\":\"2020-03-13T13:02:35+00:00\",\"breadcrumb\":{\"@id\":\"https:\/\/unmardearroces.com\/_umacentro\/politica-de-cookies#breadcrumb\"},\"inLanguage\":\"es\",\"potentialAction\":[{\"@type\":\"ReadAction\",\"target\":[\"https:\/\/unmardearroces.com\/_umacentro\/politica-de-cookies\"]}]},{\"@type\":\"BreadcrumbList\",\"@id\":\"https:\/\/unmardearroces.com\/_umacentro\/politica-de-cookies#breadcrumb\",\"itemListElement\":[{\"@type\":\"ListItem\",\"position\":1,\"name\":\"Portada\",\"item\":\"https:\/\/unmardearroces.com\/_umacentro\/\"},{\"@type\":\"ListItem\",\"position\":2,\"name\":\"POL\u00cdTICA DE COOKIES\"}]},{\"@type\":\"WebSite\",\"@id\":\"https:\/\/unmardearroces.com\/_umacentro\/#website\",\"url\":\"https:\/\/unmardearroces.com\/_umacentro\/\",\"name\":\"Un Mar de Arroces\",\"description\":\"Arroces y Paella premium a domicilio.\",\"potentialAction\":[{\"@type\":\"SearchAction\",\"target\":{\"@type\":\"EntryPoint\",\"urlTemplate\":\"https:\/\/unmardearroces.com\/_umacentro\/?s={search_term_string}\"},\"query-input\":\"required name=search_term_string\"}],\"inLanguage\":\"es\"}]}<\/script>\n<!-- \/ Yoast SEO plugin. -->","yoast_head_json":{"title":"POL\u00cdTICA DE COOKIES Un Mar de Arroces","robots":{"index":"index","follow":"follow","max-snippet":"max-snippet:-1","max-image-preview":"max-image-preview:large","max-video-preview":"max-video-preview:-1"},"canonical":"https:\/\/unmardearroces.com\/_umacentro\/politica-de-cookies","og_locale":"es_ES","og_type":"article","og_title":"POL\u00cdTICA DE COOKIES Un Mar de Arroces","og_url":"https:\/\/unmardearroces.com\/_umacentro\/politica-de-cookies","og_site_name":"Un Mar de Arroces","article_publisher":"https:\/\/www.facebook.com\/unmardearroces","article_modified_time":"2020-03-13T13:02:35+00:00","og_image":[{"width":512,"height":512,"url":"https:\/\/unmardearroces.com\/_umacentro\/wp-content\/uploads\/2020\/03\/LOGO-UN-MAR-DE-ARROCES-ARROCERIA-A-DOMICILIO-1-1.png","type":"image\/png"}],"twitter_card":"summary_large_image","twitter_site":"@unmardearroces","twitter_misc":{"Tiempo de lectura":"10 minutos"},"schema":{"@context":"https:\/\/schema.org","@graph":[{"@type":"WebPage","@id":"https:\/\/unmardearroces.com\/_umacentro\/politica-de-cookies","url":"https:\/\/unmardearroces.com\/_umacentro\/politica-de-cookies","name":"POL\u00cdTICA DE COOKIES Un Mar de Arroces","isPartOf":{"@id":"https:\/\/unmardearroces.com\/_umacentro\/#website"},"datePublished":"2020-03-13T12:54:15+00:00","dateModified":"2020-03-13T13:02:35+00:00","breadcrumb":{"@id":"https:\/\/unmardearroces.com\/_umacentro\/politica-de-cookies#breadcrumb"},"inLanguage":"es","potentialAction":[{"@type":"ReadAction","target":["https:\/\/unmardearroces.com\/_umacentro\/politica-de-cookies"]}]},{"@type":"BreadcrumbList","@id":"https:\/\/unmardearroces.com\/_umacentro\/politica-de-cookies#breadcrumb","itemListElement":[{"@type":"ListItem","position":1,"name":"Portada","item":"https:\/\/unmardearroces.com\/_umacentro\/"},{"@type":"ListItem","position":2,"name":"POL\u00cdTICA DE COOKIES"}]},{"@type":"WebSite","@id":"https:\/\/unmardearroces.com\/_umacentro\/#website","url":"https:\/\/unmardearroces.com\/_umacentro\/","name":"Un Mar de Arroces","description":"Arroces y Paella premium a domicilio.","potentialAction":[{"@type":"SearchAction","target":{"@type":"EntryPoint","urlTemplate":"https:\/\/unmardearroces.com\/_umacentro\/?s={search_term_string}"},"query-input":"required name=search_term_string"}],"inLanguage":"es"}]}},"_links":{"self":[{"href":"https:\/\/unmardearroces.com\/_umacentro\/wp-json\/wp\/v2\/pages\/224496"}],"collection":[{"href":"https:\/\/unmardearroces.com\/_umacentro\/wp-json\/wp\/v2\/pages"}],"about":[{"href":"https:\/\/unmardearroces.com\/_umacentro\/wp-json\/wp\/v2\/types\/page"}],"author":[{"embeddable":true,"href":"https:\/\/unmardearroces.com\/_umacentro\/wp-json\/wp\/v2\/users\/1"}],"replies":[{"embeddable":true,"href":"https:\/\/unmardearroces.com\/_umacentro\/wp-json\/wp\/v2\/comments?post=224496"}],"version-history":[{"count":4,"href":"https:\/\/unmardearroces.com\/_umacentro\/wp-json\/wp\/v2\/pages\/224496\/revisions"}],"predecessor-version":[{"id":224503,"href":"https:\/\/unmardearroces.com\/_umacentro\/wp-json\/wp\/v2\/pages\/224496\/revisions\/224503"}],"wp:attachment":[{"href":"https:\/\/unmardearroces.com\/_umacentro\/wp-json\/wp\/v2\/media?parent=224496"}],"curies":[{"name":"wp","href":"https:\/\/api.w.org\/{rel}","templated":true}]}}